{"id":3768,"date":"2025-09-21T18:34:32","date_gmt":"2025-09-21T16:34:32","guid":{"rendered":"https:\/\/ensabm.usms.ac.ma\/newsite\/?page_id=3768"},"modified":"2025-12-24T01:05:43","modified_gmt":"2025-12-24T00:05:43","slug":"conventions-internationales","status":"publish","type":"page","link":"https:\/\/ensabm.usms.ac.ma\/newsite\/conventions-internationales\/","title":{"rendered":"Conventions internationales"},"content":{"rendered":"\t\t<div data-elementor-type=\"wp-page\" data-elementor-id=\"3768\" class=\"elementor elementor-3768\">\n\t\t\t\t\t\t<div class=\"elementor-inner\">\n\t\t\t\t<div class=\"elementor-section-wrap\">\n\t\t\t\t\t\t\t\t\t<section class=\"elementor-section elementor-top-section elementor-element elementor-element-7e69bd3 elementor-section-full_width elementor-section-column-vertical-align-middle elementor-section-gap-beside-yes elementor-section-height-default elementor-section-height-default\" data-id=\"7e69bd3\" data-element_type=\"section\" data-settings=\"{&quot;background_background&quot;:&quot;classic&quot;}\">\n\t\t\t\t\t\t<div class=\"elementor-container elementor-column-gap-default\">\n\t\t\t\t\t\t\t<div class=\"elementor-row\">\n\t\t\t\t\t<div class=\"elementor-column elementor-col-100 elementor-top-column elementor-element elementor-element-2f074ef\" data-id=\"2f074ef\" data-element_type=\"column\">\n\t\t\t<div class=\"elementor-column-wrap elementor-element-populated\">\n\t\t\t\t\t\t\t<div class=\"elementor-widget-wrap\">\n\t\t\t\t\t\t<section class=\"elementor-section elementor-inner-section elementor-element elementor-element-108f048 elementor-section-gap-beside-no elementor-section-boxed elementor-section-height-default elementor-section-height-default elementor-section-column-vertical-align-stretch\" data-id=\"108f048\" data-element_type=\"section\">\n\t\t\t\t\t\t<div class=\"elementor-container elementor-column-gap-extended\">\n\t\t\t\t\t\t\t<div class=\"elementor-row\">\n\t\t\t\t\t<div class=\"elementor-column elementor-col-20 elementor-inner-column elementor-element elementor-element-3e18c20\" data-id=\"3e18c20\" data-element_type=\"column\">\n\t\t\t<div class=\"elementor-column-wrap elementor-element-populated\">\n\t\t\t\t\t\t\t<div class=\"elementor-widget-wrap\">\n\t\t\t\t\t\t<div class=\"elementor-element elementor-element-5a8170e unicamp-animation-zoom-in elementor-widget__width-auto unicamp-graphic-position-top elementor-invisible elementor-widget elementor-widget-tm-image-box\" data-id=\"5a8170e\" data-element_type=\"widget\" data-settings=\"{&quot;_animation&quot;:&quot;unicampFadeInUp&quot;}\" data-widget_type=\"tm-image-box.default\">\n\t\t\t\t<div class=\"elementor-widget-container\">\n\t\t\t\t\t<a class=\"tm-image-box unicamp-box style-01 link-secret\" href=\"#\">\t\t<div class=\"unicamp-graphic-box content-wrap\">\n\n\t\t\t\t\t\t\t<div class=\"unicamp-graphic-element image-wrap\">\n\t\t\t\t\t<div class=\"unicamp-image image\">\n\t\t\t\t\t\t<img decoding=\"async\"  loading=\"lazy\" src=\"https:\/\/spcdn.shortpixel.ai\/spio\/ret_img,q_cdnize,to_auto,s_webp:avif\/ensabm.usms.ac.ma\/newsite\/wp-content\/uploads\/2025\/12\/polytech-annecy-chambery.webp\" alt=\"polytech-annecy-chambery\" \/>\t\t\t\t\t<\/div>\n\n\t\t\t\t\t\t\t\t\t<\/div>\n\t\t\t\n\t\t\t<div class=\"unicamp-graphic-content box-caption-wrap\">\n\t\t\t\t<div class=\"box-caption\">\n\t\t\t\t\t\t\t\t\t\t\t<h3 class=\"title\">Polytech Annecy-Chamb\u00e9ry<\/h3>\t\t\t\t\t\n\t\t\t\t\t\t\t<div class=\"description\">\n\t\t\t\u00c9cole d'ing\u00e9nieurs\nPOLYTECH\nANNECY-CHAMB\u00c9RY\t\t<\/div>\n\t\t\n\t\t\t\t\t\t\t\t\t<\/div>\n\t\t\t<\/div>\n\n\t\t<\/div>\n\t\t<\/a>\t\t\t\t<\/div>\n\t\t\t\t<\/div>\n\t\t\t\t\t\t<\/div>\n\t\t\t\t\t<\/div>\n\t\t<\/div>\n\t\t\t\t<div class=\"elementor-column elementor-col-20 elementor-inner-column elementor-element elementor-element-52d2f46\" data-id=\"52d2f46\" data-element_type=\"column\">\n\t\t\t<div class=\"elementor-column-wrap elementor-element-populated\">\n\t\t\t\t\t\t\t<div class=\"elementor-widget-wrap\">\n\t\t\t\t\t\t<div class=\"elementor-element elementor-element-d339e5b unicamp-animation-zoom-in elementor-widget__width-auto unicamp-graphic-position-top elementor-invisible elementor-widget elementor-widget-tm-image-box\" data-id=\"d339e5b\" data-element_type=\"widget\" data-settings=\"{&quot;_animation&quot;:&quot;unicampFadeInUp&quot;}\" data-widget_type=\"tm-image-box.default\">\n\t\t\t\t<div class=\"elementor-widget-container\">\n\t\t\t\t\t<a class=\"tm-image-box unicamp-box style-01 link-secret\" href=\"#\">\t\t<div class=\"unicamp-graphic-box content-wrap\">\n\n\t\t\t\t\t\t\t<div class=\"unicamp-graphic-element image-wrap\">\n\t\t\t\t\t<div class=\"unicamp-image image\">\n\t\t\t\t\t\t<img decoding=\"async\"  loading=\"lazy\" src=\"https:\/\/spcdn.shortpixel.ai\/spio\/ret_img,q_cdnize,to_auto,s_webp:avif\/ensabm.usms.ac.ma\/newsite\/wp-content\/uploads\/2025\/12\/logo_polytech_angers.webp\" alt=\"logo_polytech_angers\" \/>\t\t\t\t\t<\/div>\n\n\t\t\t\t\t\t\t\t\t<\/div>\n\t\t\t\n\t\t\t<div class=\"unicamp-graphic-content box-caption-wrap\">\n\t\t\t\t<div class=\"box-caption\">\n\t\t\t\t\t\t\t\t\t\t\t<h3 class=\"title\">POLYTECH ANGERS<\/h3>\t\t\t\t\t\n\t\t\t\t\t\t\t<div class=\"description\">\n\t\t\tL'Ecole polytechnique universitaire d'Angers\t\t<\/div>\n\t\t\n\t\t\t\t\t\t\t\t\t<\/div>\n\t\t\t<\/div>\n\n\t\t<\/div>\n\t\t<\/a>\t\t\t\t<\/div>\n\t\t\t\t<\/div>\n\t\t\t\t\t\t<\/div>\n\t\t\t\t\t<\/div>\n\t\t<\/div>\n\t\t\t\t<div class=\"elementor-column elementor-col-20 elementor-inner-column elementor-element elementor-element-dafe3ab\" data-id=\"dafe3ab\" data-element_type=\"column\">\n\t\t\t<div class=\"elementor-column-wrap elementor-element-populated\">\n\t\t\t\t\t\t\t<div class=\"elementor-widget-wrap\">\n\t\t\t\t\t\t<div class=\"elementor-element elementor-element-acf6a74 unicamp-animation-zoom-in elementor-widget__width-auto unicamp-graphic-position-top elementor-invisible elementor-widget elementor-widget-tm-image-box\" data-id=\"acf6a74\" data-element_type=\"widget\" data-settings=\"{&quot;_animation&quot;:&quot;unicampFadeInUp&quot;}\" data-widget_type=\"tm-image-box.default\">\n\t\t\t\t<div class=\"elementor-widget-container\">\n\t\t\t\t\t<a class=\"tm-image-box unicamp-box style-01 link-secret\" href=\"#\">\t\t<div class=\"unicamp-graphic-box content-wrap\">\n\n\t\t\t\t\t\t\t<div class=\"unicamp-graphic-element image-wrap\">\n\t\t\t\t\t<div class=\"unicamp-image image\">\n\t\t\t\t\t\t<img decoding=\"async\"  loading=\"lazy\" src=\"https:\/\/spcdn.shortpixel.ai\/spio\/ret_img,q_cdnize,to_auto,s_webp:avif\/ensabm.usms.ac.ma\/newsite\/wp-content\/uploads\/2025\/12\/images.png\" alt=\"images\" \/>\t\t\t\t\t<\/div>\n\n\t\t\t\t\t\t\t\t\t<\/div>\n\t\t\t\n\t\t\t<div class=\"unicamp-graphic-content box-caption-wrap\">\n\t\t\t\t<div class=\"box-caption\">\n\t\t\t\t\t\t\t\t\t\t\t<h3 class=\"title\">EILCO<\/h3>\t\t\t\t\t\n\t\t\t\t\t\t\t<div class=\"description\">\n\t\t\tL'Ecole d'Ing\u00e9nieurs du Littoral-C\u00f4t\u00e9-d'Opale\t\t<\/div>\n\t\t\n\t\t\t\t\t\t\t\t\t<\/div>\n\t\t\t<\/div>\n\n\t\t<\/div>\n\t\t<\/a>\t\t\t\t<\/div>\n\t\t\t\t<\/div>\n\t\t\t\t\t\t<\/div>\n\t\t\t\t\t<\/div>\n\t\t<\/div>\n\t\t\t\t<div class=\"elementor-column elementor-col-20 elementor-inner-column elementor-element elementor-element-968051c\" data-id=\"968051c\" data-element_type=\"column\">\n\t\t\t<div class=\"elementor-column-wrap elementor-element-populated\">\n\t\t\t\t\t\t\t<div class=\"elementor-widget-wrap\">\n\t\t\t\t\t\t<div class=\"elementor-element elementor-element-9e914f4 unicamp-animation-zoom-in elementor-widget__width-auto unicamp-graphic-position-top elementor-invisible elementor-widget elementor-widget-tm-image-box\" data-id=\"9e914f4\" data-element_type=\"widget\" data-settings=\"{&quot;_animation&quot;:&quot;unicampFadeInUp&quot;}\" data-widget_type=\"tm-image-box.default\">\n\t\t\t\t<div class=\"elementor-widget-container\">\n\t\t\t\t\t<a class=\"tm-image-box unicamp-box style-01 link-secret\" href=\"#\">\t\t<div class=\"unicamp-graphic-box content-wrap\">\n\n\t\t\t\t\t\t\t<div class=\"unicamp-graphic-element image-wrap\">\n\t\t\t\t\t<div class=\"unicamp-image image\">\n\t\t\t\t\t\t<img decoding=\"async\"  loading=\"lazy\" src=\"https:\/\/spcdn.shortpixel.ai\/spio\/ret_img,q_cdnize,to_auto,s_webp:avif\/ensabm.usms.ac.ma\/newsite\/wp-content\/uploads\/2025\/12\/images.jpeg\" alt=\"images\" \/>\t\t\t\t\t<\/div>\n\n\t\t\t\t\t\t\t\t\t<\/div>\n\t\t\t\n\t\t\t<div class=\"unicamp-graphic-content box-caption-wrap\">\n\t\t\t\t<div class=\"box-caption\">\n\t\t\t\t\t\t\t\t\t\t\t<h3 class=\"title\">ESIAB<\/h3>\t\t\t\t\t\n\t\t\t\t\t\t\t<div class=\"description\">\n\t\t\tL'Ecole Sup\u00e9rieure d\u2019Ing\u00e9nieurs en Agroalimentaire de Bretagne atlantique \t\t<\/div>\n\t\t\n\t\t\t\t\t\t\t\t\t<\/div>\n\t\t\t<\/div>\n\n\t\t<\/div>\n\t\t<\/a>\t\t\t\t<\/div>\n\t\t\t\t<\/div>\n\t\t\t\t\t\t<\/div>\n\t\t\t\t\t<\/div>\n\t\t<\/div>\n\t\t\t\t<div class=\"elementor-column elementor-col-20 elementor-inner-column elementor-element elementor-element-b6ad897\" data-id=\"b6ad897\" data-element_type=\"column\">\n\t\t\t<div class=\"elementor-column-wrap elementor-element-populated\">\n\t\t\t\t\t\t\t<div class=\"elementor-widget-wrap\">\n\t\t\t\t\t\t<div class=\"elementor-element elementor-element-d1a315f unicamp-animation-zoom-in elementor-widget__width-auto unicamp-graphic-position-top elementor-invisible elementor-widget elementor-widget-tm-image-box\" data-id=\"d1a315f\" data-element_type=\"widget\" data-settings=\"{&quot;_animation&quot;:&quot;unicampFadeInUp&quot;}\" data-widget_type=\"tm-image-box.default\">\n\t\t\t\t<div class=\"elementor-widget-container\">\n\t\t\t\t\t<a class=\"tm-image-box unicamp-box style-01 link-secret\" href=\"#\">\t\t<div class=\"unicamp-graphic-box content-wrap\">\n\n\t\t\t\t\t\t\t<div class=\"unicamp-graphic-element image-wrap\">\n\t\t\t\t\t<div class=\"unicamp-image image\">\n\t\t\t\t\t\t<img decoding=\"async\"  loading=\"lazy\" src=\"https:\/\/spcdn.shortpixel.ai\/spio\/ret_img,q_cdnize,to_auto,s_webp:avif\/ensabm.usms.ac.ma\/newsite\/wp-content\/uploads\/2025\/12\/rZShcr4_.jpg\" alt=\"rZShcr4_\" \/>\t\t\t\t\t<\/div>\n\n\t\t\t\t\t\t\t\t\t<\/div>\n\t\t\t\n\t\t\t<div class=\"unicamp-graphic-content box-caption-wrap\">\n\t\t\t\t<div class=\"box-caption\">\n\t\t\t\t\t\t\t\t\t\t\t<h3 class=\"title\">EPT<\/h3>\t\t\t\t\t\n\t\t\t\t\t\t\t<div class=\"description\">\n\t\t\tL'ECOLE POLYTECHNIQUE DE THIES\t\t<\/div>\n\t\t\n\t\t\t\t\t\t\t\t\t<\/div>\n\t\t\t<\/div>\n\n\t\t<\/div>\n\t\t<\/a>\t\t\t\t<\/div>\n\t\t\t\t<\/div>\n\t\t\t\t\t\t<\/div>\n\t\t\t\t\t<\/div>\n\t\t<\/div>\n\t\t\t\t\t\t\t\t<\/div>\n\t\t\t\t\t<\/div>\n\t\t<\/section>\n\t\t\t\t<div class=\"elementor-element elementor-element-f131471 elementor-widget elementor-widget-spacer\" data-id=\"f131471\" data-element_type=\"widget\" data-widget_type=\"spacer.default\">\n\t\t\t\t<div class=\"elementor-widget-container\">\n\t\t\t\t\t<div class=\"elementor-spacer\">\n\t\t\t<div class=\"elementor-spacer-inner\"><\/div>\n\t\t<\/div>\n\t\t\t\t<\/div>\n\t\t\t\t<\/div>\n\t\t\t\t\t\t<\/div>\n\t\t\t\t\t<\/div>\n\t\t<\/div>\n\t\t\t\t\t\t\t\t<\/div>\n\t\t\t\t\t<\/div>\n\t\t<\/section>\n\t\t\t\t\t\t\t\t\t<\/div>\n\t\t\t<\/div>\n\t\t\t\t\t<\/div>\n\t\t","protected":false},"excerpt":{"rendered":"<p>Polytech Annecy-Chamb\u00e9ry \u00c9cole d&#8217;ing\u00e9nieurs POLYTECH ANNECY-CHAMB\u00c9RY POLYTECH ANGERS L&#8217;Ecole polytechnique universitaire d&#8217;Angers EILCO L&#8217;Ecole d&#8217;Ing\u00e9nieurs du Littoral-C\u00f4t\u00e9-d&#8217;Opale ESIAB L&#8217;Ecole Sup\u00e9rieure d\u2019Ing\u00e9nieurs en Agroalimentaire de Bretagne atlantique EPT L&#8217;ECOLE POLYTECHNIQUE DE THIES<\/p>\n","protected":false},"author":1,"featured_media":0,"parent":0,"menu_order":0,"comment_status":"closed","ping_status":"closed","template":"","meta":{"footnotes":""},"class_list":["post-3768","page","type-page","status-publish","hentry","post-no-thumbnail"],"_links":{"self":[{"href":"https:\/\/ensabm.usms.ac.ma\/newsite\/wp-json\/wp\/v2\/pages\/3768","targetHints":{"allow":["GET"]}}],"collection":[{"href":"https:\/\/ensabm.usms.ac.ma\/newsite\/wp-json\/wp\/v2\/pages"}],"about":[{"href":"https:\/\/ensabm.usms.ac.ma\/newsite\/wp-json\/wp\/v2\/types\/page"}],"author":[{"embeddable":true,"href":"https:\/\/ensabm.usms.ac.ma\/newsite\/wp-json\/wp\/v2\/users\/1"}],"replies":[{"embeddable":true,"href":"https:\/\/ensabm.usms.ac.ma\/newsite\/wp-json\/wp\/v2\/comments?post=3768"}],"version-history":[{"count":40,"href":"https:\/\/ensabm.usms.ac.ma\/newsite\/wp-json\/wp\/v2\/pages\/3768\/revisions"}],"predecessor-version":[{"id":13942,"href":"https:\/\/ensabm.usms.ac.ma\/newsite\/wp-json\/wp\/v2\/pages\/3768\/revisions\/13942"}],"wp:attachment":[{"href":"https:\/\/ensabm.usms.ac.ma\/newsite\/wp-json\/wp\/v2\/media?parent=3768"}],"curies":[{"name":"wp","href":"https:\/\/api.w.org\/{rel}","templated":true}]}}