{"id":3762,"date":"2025-09-21T17:58:52","date_gmt":"2025-09-21T15:58:52","guid":{"rendered":"https:\/\/ensabm.usms.ac.ma\/newsite\/?page_id=3762"},"modified":"2025-09-23T21:52:52","modified_gmt":"2025-09-23T19:52:52","slug":"formation-initiale","status":"publish","type":"page","link":"https:\/\/ensabm.usms.ac.ma\/newsite\/formation-initiale\/","title":{"rendered":"Formation initiale"},"content":{"rendered":"\t\t<div data-elementor-type=\"wp-page\" data-elementor-id=\"3762\" class=\"elementor elementor-3762\">\n\t\t\t\t\t\t<div class=\"elementor-inner\">\n\t\t\t\t<div class=\"elementor-section-wrap\">\n\t\t\t\t\t\t\t\t\t<section class=\"elementor-section elementor-top-section elementor-element elementor-element-ab8f876 elementor-section-boxed elementor-section-gap-beside-yes elementor-section-height-default elementor-section-height-default elementor-section-column-vertical-align-stretch\" data-id=\"ab8f876\" data-element_type=\"section\" data-settings=\"{&quot;background_background&quot;:&quot;classic&quot;}\">\n\t\t\t\t\t\t<div class=\"elementor-container elementor-column-gap-extended\">\n\t\t\t\t\t\t\t<div class=\"elementor-row\">\n\t\t\t\t\t<div class=\"elementor-column elementor-col-100 elementor-top-column elementor-element elementor-element-2e27d3e\" data-id=\"2e27d3e\" data-element_type=\"column\">\n\t\t\t<div class=\"elementor-column-wrap elementor-element-populated\">\n\t\t\t\t\t\t\t<div class=\"elementor-widget-wrap\">\n\t\t\t\t\t\t<section class=\"elementor-section elementor-inner-section elementor-element elementor-element-d59151b elementor-reverse-tablet elementor-reverse-mobile elementor-section-gap-beside-no elementor-section-content-middle elementor-section-boxed elementor-section-height-default elementor-section-height-default elementor-section-column-vertical-align-stretch\" data-id=\"d59151b\" data-element_type=\"section\">\n\t\t\t\t\t\t<div class=\"elementor-container elementor-column-gap-extended\">\n\t\t\t\t\t\t\t<div class=\"elementor-row\">\n\t\t\t\t\t<div class=\"elementor-column elementor-col-100 elementor-inner-column elementor-element elementor-element-956fcfc\" data-id=\"956fcfc\" data-element_type=\"column\">\n\t\t\t<div class=\"elementor-column-wrap elementor-element-populated\">\n\t\t\t\t\t\t\t<div class=\"elementor-widget-wrap\">\n\t\t\t\t\t\t<div class=\"elementor-element elementor-element-5dd2663 unicamp-icon-box-style-01 unicamp-graphic-position-top elementor-invisible elementor-widget elementor-widget-tm-icon-box\" data-id=\"5dd2663\" data-element_type=\"widget\" data-settings=\"{&quot;_animation&quot;:&quot;unicampFadeInUp&quot;,&quot;_animation_delay&quot;:300}\" data-widget_type=\"tm-icon-box.default\">\n\t\t\t\t<div class=\"elementor-widget-container\">\n\t\t\t\t\t<div class=\"tm-icon-box unicamp-box\">\n\t\t<div class=\"unicamp-graphic-box icon-box-wrapper\">\n\t\t\t\n\t\t\t<div class=\"unicamp-graphic-content icon-box-content\">\n\t\t\t\t\t\t<div class=\"heading-wrap\">\n\t\t\t<h3 class=\"heading\">\u00c0 l'ENSABM, <\/h3>\n\t\t\t\t\t<div class=\"heading-divider\"><\/div>\n\t\t\t\t<\/div>\n\t\t\n\t\t\t\t\t\t<div class=\"description-wrap\">\n\t\t\t<div class=\"description\">\n\t\t\t\tnous formons des ing\u00e9nieurs sp\u00e9cialis\u00e9s \u00e0 travers quatre fili\u00e8res d'excellence qui r\u00e9pondent aux besoins technologiques actuels. Ces formations innovantes combinent savoir th\u00e9orique, comp\u00e9tences pratiques et ouverture sur le monde professionnel pour pr\u00e9parer nos \u00e9tudiants aux m\u00e9tiers d'avenir.<\/p>  <p><strong>D\u00e9couvrez ci-dessous le d\u00e9tail de chacune de nos quatre fili\u00e8res d'ing\u00e9nierie !\t\t\t<\/div>\n\t\t<\/div>\n\t\t\n\t\t\t\t\t\t\t<\/div>\n\t\t<\/div>\n\n\t\t<\/div>\t\t\t\t<\/div>\n\t\t\t\t<\/div>\n\t\t\t\t\t\t<\/div>\n\t\t\t\t\t<\/div>\n\t\t<\/div>\n\t\t\t\t\t\t\t\t<\/div>\n\t\t\t\t\t<\/div>\n\t\t<\/section>\n\t\t\t\t<section class=\"elementor-section elementor-inner-section elementor-element elementor-element-e011865 elementor-section-gap-beside-no elementor-section-boxed elementor-section-height-default elementor-section-height-default elementor-section-column-vertical-align-stretch\" data-id=\"e011865\" data-element_type=\"section\">\n\t\t\t\t\t\t<div class=\"elementor-container elementor-column-gap-extended\">\n\t\t\t\t\t\t\t<div class=\"elementor-row\">\n\t\t\t\t\t<div class=\"elementor-column elementor-col-25 elementor-inner-column elementor-element elementor-element-d8f6f77\" data-id=\"d8f6f77\" data-element_type=\"column\">\n\t\t\t<div class=\"elementor-column-wrap elementor-element-populated\">\n\t\t\t\t\t\t\t<div class=\"elementor-widget-wrap\">\n\t\t\t\t\t\t<div class=\"elementor-element elementor-element-12d9485 unicamp-animation-zoom-in unicamp-graphic-position-top elementor-invisible elementor-widget elementor-widget-tm-cover-image-box\" data-id=\"12d9485\" data-element_type=\"widget\" data-settings=\"{&quot;_animation&quot;:&quot;unicampFadeInUp&quot;}\" data-widget_type=\"tm-cover-image-box.default\">\n\t\t\t\t<div class=\"elementor-widget-container\">\n\t\t\t\t\t<a class=\"tm-cover-image-box unicamp-box style-02 link-secret\" href=\"#\">\t\t<div class=\"content-wrap\">\n\t\t\t\t\t\t\t<div class=\"unicamp-image image\">\n\t\t\t\t\t<img decoding=\"async\"  loading=\"lazy\" src=\"https:\/\/spcdn.shortpixel.ai\/spio\/ret_img,q_cdnize,to_auto,s_webp:avif\/ensabm.usms.ac.ma\/newsite\/wp-content\/uploads\/2025\/09\/4.png\" alt=\"4\" \/>\t\t\t\t<\/div>\n\t\t\t\t\t\t<div class=\"box-caption-wrap\">\n\t\t\t\t<div class=\"box-caption\">\n\t\t\t\t\t<h3 class=\"title\">G2ER<\/h3>\n\t\t\t\t\t\n\t\t\t\t\t\t\t<div class=\"tm-button-wrapper\">\n\t\t\t<div class=\"tm-button style-text tm-button-nm icon-right\">\t\t\t<div class=\"button-content-wrapper\">\n\t\t\t\t\n\t\t\t\t\t\t\t\t\t<span class=\"button-text\">Savoir plus<\/span>\n\t\t\t\t\n\t\t\t\t\t\t\t\t\t<span class=\"button-icon\">\n\t\t\t\t\t\t\t<i class=\"fas fa-long-arrow-right\"><\/i>\t\t\t\t\t\t<\/span>\n\t\t\t\t\t\t\t<\/div>\n\t\t\t<\/div>\t\t<\/div>\n\t\t\t\t\t\t<\/div>\n\t\t\t<\/div>\n\t\t<\/div>\n\t\t<\/a>\t\t\t\t<\/div>\n\t\t\t\t<\/div>\n\t\t\t\t\t\t<\/div>\n\t\t\t\t\t<\/div>\n\t\t<\/div>\n\t\t\t\t<div class=\"elementor-column elementor-col-25 elementor-inner-column elementor-element elementor-element-c467501\" data-id=\"c467501\" data-element_type=\"column\">\n\t\t\t<div class=\"elementor-column-wrap elementor-element-populated\">\n\t\t\t\t\t\t\t<div class=\"elementor-widget-wrap\">\n\t\t\t\t\t\t<div class=\"elementor-element elementor-element-134c3f8 unicamp-animation-zoom-in unicamp-graphic-position-top elementor-invisible elementor-widget elementor-widget-tm-cover-image-box\" data-id=\"134c3f8\" data-element_type=\"widget\" data-settings=\"{&quot;_animation&quot;:&quot;unicampFadeInUp&quot;}\" data-widget_type=\"tm-cover-image-box.default\">\n\t\t\t\t<div class=\"elementor-widget-container\">\n\t\t\t\t\t<a class=\"tm-cover-image-box unicamp-box style-02 link-secret\" href=\"#\">\t\t<div class=\"content-wrap\">\n\t\t\t\t\t\t\t<div class=\"unicamp-image image\">\n\t\t\t\t\t<img decoding=\"async\"  loading=\"lazy\" src=\"https:\/\/spcdn.shortpixel.ai\/spio\/ret_img,q_cdnize,to_auto,s_webp:avif\/ensabm.usms.ac.ma\/newsite\/wp-content\/uploads\/2025\/09\/1.png\" alt=\"1\" \/>\t\t\t\t<\/div>\n\t\t\t\t\t\t<div class=\"box-caption-wrap\">\n\t\t\t\t<div class=\"box-caption\">\n\t\t\t\t\t<h3 class=\"title\">IAA<\/h3>\n\t\t\t\t\t\n\t\t\t\t\t\t\t<div class=\"tm-button-wrapper\">\n\t\t\t<div class=\"tm-button style-text tm-button-nm icon-right\">\t\t\t<div class=\"button-content-wrapper\">\n\t\t\t\t\n\t\t\t\t\t\t\t\t\t<span class=\"button-text\">Savoir plus<\/span>\n\t\t\t\t\n\t\t\t\t\t\t\t\t\t<span class=\"button-icon\">\n\t\t\t\t\t\t\t<i class=\"fas fa-long-arrow-right\"><\/i>\t\t\t\t\t\t<\/span>\n\t\t\t\t\t\t\t<\/div>\n\t\t\t<\/div>\t\t<\/div>\n\t\t\t\t\t\t<\/div>\n\t\t\t<\/div>\n\t\t<\/div>\n\t\t<\/a>\t\t\t\t<\/div>\n\t\t\t\t<\/div>\n\t\t\t\t\t\t<\/div>\n\t\t\t\t\t<\/div>\n\t\t<\/div>\n\t\t\t\t<div class=\"elementor-column elementor-col-25 elementor-inner-column elementor-element elementor-element-ae3c84f\" data-id=\"ae3c84f\" data-element_type=\"column\">\n\t\t\t<div class=\"elementor-column-wrap elementor-element-populated\">\n\t\t\t\t\t\t\t<div class=\"elementor-widget-wrap\">\n\t\t\t\t\t\t<div class=\"elementor-element elementor-element-6d1183a unicamp-animation-zoom-in unicamp-graphic-position-top elementor-invisible elementor-widget elementor-widget-tm-cover-image-box\" data-id=\"6d1183a\" data-element_type=\"widget\" data-settings=\"{&quot;_animation&quot;:&quot;unicampFadeInUp&quot;}\" data-widget_type=\"tm-cover-image-box.default\">\n\t\t\t\t<div class=\"elementor-widget-container\">\n\t\t\t\t\t<a class=\"tm-cover-image-box unicamp-box style-02 link-secret\" href=\"#\">\t\t<div class=\"content-wrap\">\n\t\t\t\t\t\t\t<div class=\"unicamp-image image\">\n\t\t\t\t\t<img decoding=\"async\"  loading=\"lazy\" src=\"https:\/\/spcdn.shortpixel.ai\/spio\/ret_img,q_cdnize,to_auto,s_webp:avif\/ensabm.usms.ac.ma\/newsite\/wp-content\/uploads\/2025\/09\/2.png\" alt=\"2\" \/>\t\t\t\t<\/div>\n\t\t\t\t\t\t<div class=\"box-caption-wrap\">\n\t\t\t\t<div class=\"box-caption\">\n\t\t\t\t\t<h3 class=\"title\">IACS<\/h3>\n\t\t\t\t\t\n\t\t\t\t\t\t\t<div class=\"tm-button-wrapper\">\n\t\t\t<div class=\"tm-button style-text tm-button-nm icon-right\">\t\t\t<div class=\"button-content-wrapper\">\n\t\t\t\t\n\t\t\t\t\t\t\t\t\t<span class=\"button-text\">Savoir plus<\/span>\n\t\t\t\t\n\t\t\t\t\t\t\t\t\t<span class=\"button-icon\">\n\t\t\t\t\t\t\t<i class=\"fas fa-long-arrow-right\"><\/i>\t\t\t\t\t\t<\/span>\n\t\t\t\t\t\t\t<\/div>\n\t\t\t<\/div>\t\t<\/div>\n\t\t\t\t\t\t<\/div>\n\t\t\t<\/div>\n\t\t<\/div>\n\t\t<\/a>\t\t\t\t<\/div>\n\t\t\t\t<\/div>\n\t\t\t\t\t\t<\/div>\n\t\t\t\t\t<\/div>\n\t\t<\/div>\n\t\t\t\t<div class=\"elementor-column elementor-col-25 elementor-inner-column elementor-element elementor-element-2a8bc7d\" data-id=\"2a8bc7d\" data-element_type=\"column\">\n\t\t\t<div class=\"elementor-column-wrap elementor-element-populated\">\n\t\t\t\t\t\t\t<div class=\"elementor-widget-wrap\">\n\t\t\t\t\t\t<div class=\"elementor-element elementor-element-c024f50 unicamp-animation-zoom-in unicamp-graphic-position-top elementor-invisible elementor-widget elementor-widget-tm-cover-image-box\" data-id=\"c024f50\" data-element_type=\"widget\" data-settings=\"{&quot;_animation&quot;:&quot;unicampFadeInUp&quot;}\" data-widget_type=\"tm-cover-image-box.default\">\n\t\t\t\t<div class=\"elementor-widget-container\">\n\t\t\t\t\t<a class=\"tm-cover-image-box unicamp-box style-02 link-secret\" href=\"#\">\t\t<div class=\"content-wrap\">\n\t\t\t\t\t\t\t<div class=\"unicamp-image image\">\n\t\t\t\t\t<img decoding=\"async\"  loading=\"lazy\" src=\"https:\/\/spcdn.shortpixel.ai\/spio\/ret_img,q_cdnize,to_auto,s_webp:avif\/ensabm.usms.ac.ma\/newsite\/wp-content\/uploads\/2025\/09\/3.png\" alt=\"3\" \/>\t\t\t\t<\/div>\n\t\t\t\t\t\t<div class=\"box-caption-wrap\">\n\t\t\t\t<div class=\"box-caption\">\n\t\t\t\t\t<h3 class=\"title\">TDI<\/h3>\n\t\t\t\t\t\n\t\t\t\t\t\t\t<div class=\"tm-button-wrapper\">\n\t\t\t<div class=\"tm-button style-text tm-button-nm icon-right\">\t\t\t<div class=\"button-content-wrapper\">\n\t\t\t\t\n\t\t\t\t\t\t\t\t\t<span class=\"button-text\">Savoir plus<\/span>\n\t\t\t\t\n\t\t\t\t\t\t\t\t\t<span class=\"button-icon\">\n\t\t\t\t\t\t\t<i class=\"fas fa-long-arrow-right\"><\/i>\t\t\t\t\t\t<\/span>\n\t\t\t\t\t\t\t<\/div>\n\t\t\t<\/div>\t\t<\/div>\n\t\t\t\t\t\t<\/div>\n\t\t\t<\/div>\n\t\t<\/div>\n\t\t<\/a>\t\t\t\t<\/div>\n\t\t\t\t<\/div>\n\t\t\t\t\t\t<\/div>\n\t\t\t\t\t<\/div>\n\t\t<\/div>\n\t\t\t\t\t\t\t\t<\/div>\n\t\t\t\t\t<\/div>\n\t\t<\/section>\n\t\t\t\t<div class=\"elementor-element elementor-element-04a098e elementor-widget elementor-widget-spacer\" data-id=\"04a098e\" data-element_type=\"widget\" data-widget_type=\"spacer.default\">\n\t\t\t\t<div class=\"elementor-widget-container\">\n\t\t\t\t\t<div class=\"elementor-spacer\">\n\t\t\t<div class=\"elementor-spacer-inner\"><\/div>\n\t\t<\/div>\n\t\t\t\t<\/div>\n\t\t\t\t<\/div>\n\t\t\t\t\t\t<\/div>\n\t\t\t\t\t<\/div>\n\t\t<\/div>\n\t\t\t\t\t\t\t\t<\/div>\n\t\t\t\t\t<\/div>\n\t\t<\/section>\n\t\t\t\t\t\t\t\t\t<\/div>\n\t\t\t<\/div>\n\t\t\t\t\t<\/div>\n\t\t","protected":false},"excerpt":{"rendered":"<p>\u00c0 l&#8217;ENSABM, nous formons des ing\u00e9nieurs sp\u00e9cialis\u00e9s \u00e0 travers quatre fili\u00e8res d&#8217;excellence qui r\u00e9pondent aux besoins technologiques actuels. Ces formations innovantes combinent savoir th\u00e9orique, comp\u00e9tences pratiques et ouverture sur le monde professionnel pour pr\u00e9parer nos \u00e9tudiants aux m\u00e9tiers d&#8217;avenir. D\u00e9couvrez ci-dessous le d\u00e9tail de chacune de nos quatre fili\u00e8res d&#8217;ing\u00e9nierie ! G2ER Savoir plus IAA Savoir plus IACS Savoir plus TDI Savoir plus<\/p>\n","protected":false},"author":1,"featured_media":0,"parent":0,"menu_order":0,"comment_status":"closed","ping_status":"closed","template":"","meta":{"footnotes":""},"class_list":["post-3762","page","type-page","status-publish","hentry","post-no-thumbnail"],"_links":{"self":[{"href":"https:\/\/ensabm.usms.ac.ma\/newsite\/wp-json\/wp\/v2\/pages\/3762","targetHints":{"allow":["GET"]}}],"collection":[{"href":"https:\/\/ensabm.usms.ac.ma\/newsite\/wp-json\/wp\/v2\/pages"}],"about":[{"href":"https:\/\/ensabm.usms.ac.ma\/newsite\/wp-json\/wp\/v2\/types\/page"}],"author":[{"embeddable":true,"href":"https:\/\/ensabm.usms.ac.ma\/newsite\/wp-json\/wp\/v2\/users\/1"}],"replies":[{"embeddable":true,"href":"https:\/\/ensabm.usms.ac.ma\/newsite\/wp-json\/wp\/v2\/comments?post=3762"}],"version-history":[{"count":28,"href":"https:\/\/ensabm.usms.ac.ma\/newsite\/wp-json\/wp\/v2\/pages\/3762\/revisions"}],"predecessor-version":[{"id":4022,"href":"https:\/\/ensabm.usms.ac.ma\/newsite\/wp-json\/wp\/v2\/pages\/3762\/revisions\/4022"}],"wp:attachment":[{"href":"https:\/\/ensabm.usms.ac.ma\/newsite\/wp-json\/wp\/v2\/media?parent=3762"}],"curies":[{"name":"wp","href":"https:\/\/api.w.org\/{rel}","templated":true}]}}