{"id":3743,"date":"2025-09-21T17:06:28","date_gmt":"2025-09-21T15:06:28","guid":{"rendered":"https:\/\/ensabm.usms.ac.ma\/newsite\/?page_id=3743"},"modified":"2025-09-23T21:30:06","modified_gmt":"2025-09-23T19:30:06","slug":"recrutements","status":"publish","type":"page","link":"https:\/\/ensabm.usms.ac.ma\/newsite\/recrutements\/","title":{"rendered":"Recrutements"},"content":{"rendered":"\t\t<div data-elementor-type=\"wp-page\" data-elementor-id=\"3743\" class=\"elementor elementor-3743\">\n\t\t\t\t\t\t<div class=\"elementor-inner\">\n\t\t\t\t<div class=\"elementor-section-wrap\">\n\t\t\t\t\t\t\t\t\t<section class=\"elementor-section elementor-top-section elementor-element elementor-element-47d779a elementor-section-column-vertical-align-middle elementor-section-boxed elementor-section-gap-beside-yes elementor-section-height-default elementor-section-height-default\" data-id=\"47d779a\" data-element_type=\"section\" data-settings=\"{&quot;background_background&quot;:&quot;classic&quot;}\">\n\t\t\t\t\t\t<div class=\"elementor-container elementor-column-gap-extended\">\n\t\t\t\t\t\t\t<div class=\"elementor-row\">\n\t\t\t\t\t<div class=\"elementor-column elementor-col-100 elementor-top-column elementor-element elementor-element-efc4eca\" data-id=\"efc4eca\" data-element_type=\"column\">\n\t\t\t<div class=\"elementor-column-wrap elementor-element-populated\">\n\t\t\t\t\t\t\t<div class=\"elementor-widget-wrap\">\n\t\t\t\t\t\t<div class=\"elementor-element elementor-element-4e66111 elementor-widget elementor-widget-spacer\" data-id=\"4e66111\" data-element_type=\"widget\" data-widget_type=\"spacer.default\">\n\t\t\t\t<div class=\"elementor-widget-container\">\n\t\t\t\t\t<div class=\"elementor-spacer\">\n\t\t\t<div class=\"elementor-spacer-inner\"><\/div>\n\t\t<\/div>\n\t\t\t\t<\/div>\n\t\t\t\t<\/div>\n\t\t\t\t<div class=\"elementor-element elementor-element-46206cf elementor-widget elementor-widget-spacer\" data-id=\"46206cf\" data-element_type=\"widget\" data-widget_type=\"spacer.default\">\n\t\t\t\t<div class=\"elementor-widget-container\">\n\t\t\t\t\t<div class=\"elementor-spacer\">\n\t\t\t<div class=\"elementor-spacer-inner\"><\/div>\n\t\t<\/div>\n\t\t\t\t<\/div>\n\t\t\t\t<\/div>\n\t\t\t\t<div class=\"elementor-element elementor-element-d118ccf elementor-invisible elementor-widget elementor-widget-tm-heading\" data-id=\"d118ccf\" data-element_type=\"widget\" data-settings=\"{&quot;_animation&quot;:&quot;unicampFadeInUp&quot;}\" data-widget_type=\"tm-heading.default\">\n\t\t\t\t<div class=\"elementor-widget-container\">\n\t\t\t\t\t<div class=\"tm-modern-heading\">\n\t\t\t\n\t\t\t\n\t\t\t\n\t\t\t\t\t<div class=\"heading-description-wrap\">\n\t\t\t<div class=\"heading-description\">\n\t\t\t\t<p>Retrouvez ici les concours en cours et les actualit\u00e9s de recrutement pour les postes d'enseignants-chercheurs et de personnel \u00e0 l'ENSABM.\u00a0<\/p>\t\t\t<\/div>\n\t\t<\/div>\n\t\t\t<\/div>\n\t\t\t\t<\/div>\n\t\t\t\t<\/div>\n\t\t\t\t<section class=\"elementor-section elementor-inner-section elementor-element elementor-element-917d8ed elementor-section-gap-beside-no elementor-section-content-middle elementor-section-boxed elementor-section-height-default elementor-section-height-default elementor-section-column-vertical-align-stretch\" data-id=\"917d8ed\" data-element_type=\"section\">\n\t\t\t\t\t\t<div class=\"elementor-container elementor-column-gap-extended\">\n\t\t\t\t\t\t\t<div class=\"elementor-row\">\n\t\t\t\t\t<div class=\"elementor-column elementor-col-50 elementor-inner-column elementor-element elementor-element-ef47f84\" data-id=\"ef47f84\" data-element_type=\"column\">\n\t\t\t<div class=\"elementor-column-wrap elementor-element-populated\">\n\t\t\t\t\t\t\t<div class=\"elementor-widget-wrap\">\n\t\t\t\t\t\t<div class=\"elementor-element elementor-element-08ad66e elementor-invisible elementor-widget elementor-widget-tm-heading\" data-id=\"08ad66e\" data-element_type=\"widget\" data-settings=\"{&quot;_animation&quot;:&quot;unicampFadeInUp&quot;}\" data-widget_type=\"tm-heading.default\">\n\t\t\t\t<div class=\"elementor-widget-container\">\n\t\t\t\t\t<div class=\"tm-modern-heading\">\n\t\t\t\n\t\t\t\t\t<div class=\"heading-primary-wrap\">\n\t\t\t<h2 class=\"heading-primary elementor-heading-title\">Avis de concours de recrutement<\/h2>\t\t<\/div>\n\t\t\n\t\t\t\t    <div class=\"heading-divider\"><\/div>\n\t    \n\t\t\t\t\t<\/div>\n\t\t\t\t<\/div>\n\t\t\t\t<\/div>\n\t\t\t\t\t\t<\/div>\n\t\t\t\t\t<\/div>\n\t\t<\/div>\n\t\t\t\t<div class=\"elementor-column elementor-col-50 elementor-inner-column elementor-element elementor-element-fcf3043\" data-id=\"fcf3043\" data-element_type=\"column\">\n\t\t\t<div class=\"elementor-column-wrap\">\n\t\t\t\t\t\t\t<div class=\"elementor-widget-wrap\">\n\t\t\t\t\t\t\t\t<\/div>\n\t\t\t\t\t<\/div>\n\t\t<\/div>\n\t\t\t\t\t\t\t\t<\/div>\n\t\t\t\t\t<\/div>\n\t\t<\/section>\n\t\t\t\t\t\t<\/div>\n\t\t\t\t\t<\/div>\n\t\t<\/div>\n\t\t\t\t\t\t\t\t<\/div>\n\t\t\t\t\t<\/div>\n\t\t<\/section>\n\t\t\t\t<section class=\"elementor-section elementor-top-section elementor-element elementor-element-48ef334 elementor-section-boxed elementor-section-gap-beside-yes elementor-section-height-default elementor-section-height-default elementor-section-column-vertical-align-stretch\" data-id=\"48ef334\" data-element_type=\"section\" data-settings=\"{&quot;background_background&quot;:&quot;classic&quot;}\">\n\t\t\t\t\t\t<div class=\"elementor-container elementor-column-gap-extended\">\n\t\t\t\t\t\t\t<div class=\"elementor-row\">\n\t\t\t\t\t<div class=\"elementor-column elementor-col-100 elementor-top-column elementor-element elementor-element-a66e9e8\" data-id=\"a66e9e8\" data-element_type=\"column\">\n\t\t\t<div class=\"elementor-column-wrap elementor-element-populated\">\n\t\t\t\t\t\t\t<div class=\"elementor-widget-wrap\">\n\t\t\t\t\t\t<div class=\"elementor-element elementor-element-6ad5627 unicamp-animation-zoom-out unicamp-blog-caption-style-01 bullets-v-align-below elementor-invisible elementor-widget elementor-widget-tm-post-carousel\" data-id=\"6ad5627\" data-element_type=\"widget\" data-settings=\"{&quot;_animation&quot;:&quot;unicampFadeInUp&quot;}\" data-widget_type=\"tm-post-carousel.default\">\n\t\t\t\t<div class=\"elementor-widget-container\">\n\t\t\t\n\t\t<div class=\"tm-swiper tm-slider-widget nav-style-03 has-separator-line unicamp-blog\" data-lg-items=\"3\" data-lg-gutter=\"30\" data-sm-items=\"auto-fixed\" data-nav=\"1\" data-nav-aligned-by=\"slider\" data-loop=\"1\" data-simulate-touch=\"1\" data-speed=\"1000\" data-effect=\"slide\">\n\t\t\t<div class=\"swiper-inner\">\n\n\t\t\t\t\n\t\t\t\t<div class=\"swiper-container\">\n\t\t\t\t\t<div class=\"swiper-wrapper\">\n\t\t\t\t\t\t\t\t\n\t\t\t\n\t\t\t\t\t\t\t\t\t<div class=\"swiper-slide post-7925 post type-post status-publish format-standard has-post-thumbnail hentry category-actualites category-recrutement\">\n\t\t\t\t\t\t<div class=\"post-wrapper unicamp-box\">\n\t\t\t<div class=\"post-feature post-thumbnail unicamp-image\">\n\t\t\t<a href=\"https:\/\/ensabm.usms.ac.ma\/newsite\/liste-des-candidats-convoques-aux-epreuves-ecrites-du-concours-de-recrutement-dun-technicien-3eme-grade-session-16-10-2022\/\">\n\t\t\t\t\n\t\t\t\t<div class=\"tm-button-wrapper post-read-more\" >\t\t<div  class=\"tm-button style-flat tm-button-xs tm-button-full-wide icon-right\">\t\t<div class=\"button-content-wrapper\">\n\n\t\t\t\n\t\t\t\t\t\t\t<span class=\"button-text\">Read more<\/span>\n\t\t\t\n\t\t\t\t\t\t\t<span class=\"button-icon\"><i class=\"fas fa-long-arrow-right\"><\/i><\/span>\n\t\t\t\t\t<\/div>\n\t\t<\/div>\t\t<\/div>\t\t\t<\/a>\n\t\t<\/div>\n\t\n\t<div class=\"post-caption\">\n\t\t\t\t\t<div class=\"post-categories\">\n\t\t\t\t<a href=\"https:\/\/ensabm.usms.ac.ma\/newsite\/category\/actualites\/\" rel=\"category tag\"><span class=\"cat-shape\"><\/span><span class=\"cat-name\">Actualit\u00e9s<\/span><\/a><a href=\"https:\/\/ensabm.usms.ac.ma\/newsite\/category\/recrutement\/\" rel=\"category tag\"><span class=\"cat-shape\" style=\"background: #FFBB00\"><\/span><span class=\"cat-name\">Recrutement<\/span><\/a>\t\t\t<\/div>\n\t\t\t\n\t\t<h3 class=\"post-title post-title-2-rows\">\n\t<a href=\"https:\/\/ensabm.usms.ac.ma\/newsite\/liste-des-candidats-convoques-aux-epreuves-ecrites-du-concours-de-recrutement-dun-technicien-3eme-grade-session-16-10-2022\/\">LISTE DES CANDIDATS CONVOQU\u00c9S AUX \u00c9PREUVES \u00c9CRITES DU CONCOURS DE RECRUTEMENT D\u2019UN TECHNICIEN 3\u00e8me Grade (SESSION 16\/10\/2022)<\/a>\n<\/h3>\n\n\t\t<div class=\"post-meta\">\n\t<div class=\"inner\">\n\t\t\t\t\t<div class=\"post-meta-author\">\n\t\t\t\t<a href=\"https:\/\/ensabm.usms.ac.ma\/newsite\/author\/admin\/\">\n\t\t\t\t\t<span class=\"meta-value\">admin<\/span>\n\t\t\t\t<\/a>\n\t\t\t<\/div>\n\t\t\t\t\t\t\t\t<div class=\"post-date\">\n\t\t\t\t<span class=\"meta-value\">Oct 14, 2022<\/span>\n\t\t\t<\/div>\n\t\t\t\t<\/div>\n<\/div>\n\n\t\t\t<\/div>\n<\/div>\n\t\t<\/div>\n\t\t\t\t\t\t\t\t\t\t\t<div class=\"swiper-slide post-7848 post type-post status-publish format-standard has-post-thumbnail hentry category-actualites category-recrutement\">\n\t\t\t\t\t\t<div class=\"post-wrapper unicamp-box\">\n\t\t\t<div class=\"post-feature post-thumbnail unicamp-image\">\n\t\t\t<a href=\"https:\/\/ensabm.usms.ac.ma\/newsite\/%d8%a5%d8%b9%d9%84%d8%a7%d9%86-%d8%b9%d9%86-%d8%a5%d8%ac%d8%b1%d8%a7%d8%a1-%d9%85%d8%a8%d8%a7%d8%b1%d8%a7%d8%a9-%d8%aa%d9%88%d8%b8%d9%8a%d9%81-%d8%aa%d9%82%d9%86%d9%8a-%d9%88%d8%a7%d8%ad%d8%af-%d9%85\/\">\n\t\t\t\t\n\t\t\t\t<div class=\"tm-button-wrapper post-read-more\" >\t\t<div  class=\"tm-button style-flat tm-button-xs tm-button-full-wide icon-right\">\t\t<div class=\"button-content-wrapper\">\n\n\t\t\t\n\t\t\t\t\t\t\t<span class=\"button-text\">Read more<\/span>\n\t\t\t\n\t\t\t\t\t\t\t<span class=\"button-icon\"><i class=\"fas fa-long-arrow-right\"><\/i><\/span>\n\t\t\t\t\t<\/div>\n\t\t<\/div>\t\t<\/div>\t\t\t<\/a>\n\t\t<\/div>\n\t\n\t<div class=\"post-caption\">\n\t\t\t\t\t<div class=\"post-categories\">\n\t\t\t\t<a href=\"https:\/\/ensabm.usms.ac.ma\/newsite\/category\/actualites\/\" rel=\"category tag\"><span class=\"cat-shape\"><\/span><span class=\"cat-name\">Actualit\u00e9s<\/span><\/a><a href=\"https:\/\/ensabm.usms.ac.ma\/newsite\/category\/recrutement\/\" rel=\"category tag\"><span class=\"cat-shape\" style=\"background: #FFBB00\"><\/span><span class=\"cat-name\">Recrutement<\/span><\/a>\t\t\t<\/div>\n\t\t\t\n\t\t<h3 class=\"post-title post-title-2-rows\">\n\t<a href=\"https:\/\/ensabm.usms.ac.ma\/newsite\/%d8%a5%d8%b9%d9%84%d8%a7%d9%86-%d8%b9%d9%86-%d8%a5%d8%ac%d8%b1%d8%a7%d8%a1-%d9%85%d8%a8%d8%a7%d8%b1%d8%a7%d8%a9-%d8%aa%d9%88%d8%b8%d9%8a%d9%81-%d8%aa%d9%82%d9%86%d9%8a-%d9%88%d8%a7%d8%ad%d8%af-%d9%85\/\">\u0625\u0639\u0644\u0627\u0646 \u0639\u0646 \u0625\u062c\u0631\u0627\u0621 \u0645\u0628\u0627\u0631\u0627\u0629 \u062a\u0648\u0638\u064a\u0641 \u062a\u0642\u0646\u064a \u0648\u0627\u062d\u062f \u0645\u0646 \u0627\u0644\u062f\u0631\u062c\u0629 \u0627\u0644\u062b\u0627\u0644\u062b\u0629<\/a>\n<\/h3>\n\n\t\t<div class=\"post-meta\">\n\t<div class=\"inner\">\n\t\t\t\t\t<div class=\"post-meta-author\">\n\t\t\t\t<a href=\"https:\/\/ensabm.usms.ac.ma\/newsite\/author\/admin\/\">\n\t\t\t\t\t<span class=\"meta-value\">admin<\/span>\n\t\t\t\t<\/a>\n\t\t\t<\/div>\n\t\t\t\t\t\t\t\t<div class=\"post-date\">\n\t\t\t\t<span class=\"meta-value\">Sep 24, 2022<\/span>\n\t\t\t<\/div>\n\t\t\t\t<\/div>\n<\/div>\n\n\t\t\t<\/div>\n<\/div>\n\t\t<\/div>\n\t\t\t\t\t\t\t\t\t\t\t<div class=\"swiper-slide post-7561 post type-post status-publish format-standard has-post-thumbnail hentry category-actualites category-recrutement\">\n\t\t\t\t\t\t<div class=\"post-wrapper unicamp-box\">\n\t\t\t<div class=\"post-feature post-thumbnail unicamp-image\">\n\t\t\t<a href=\"https:\/\/ensabm.usms.ac.ma\/newsite\/liste-des-candidats-convoques-aux-epreuves-ecrites-du-concours-de-recrutement-dun-technicien-3eme-grade-session-11-09-2022\/\">\n\t\t\t\t\n\t\t\t\t<div class=\"tm-button-wrapper post-read-more\" >\t\t<div  class=\"tm-button style-flat tm-button-xs tm-button-full-wide icon-right\">\t\t<div class=\"button-content-wrapper\">\n\n\t\t\t\n\t\t\t\t\t\t\t<span class=\"button-text\">Read more<\/span>\n\t\t\t\n\t\t\t\t\t\t\t<span class=\"button-icon\"><i class=\"fas fa-long-arrow-right\"><\/i><\/span>\n\t\t\t\t\t<\/div>\n\t\t<\/div>\t\t<\/div>\t\t\t<\/a>\n\t\t<\/div>\n\t\n\t<div class=\"post-caption\">\n\t\t\t\t\t<div class=\"post-categories\">\n\t\t\t\t<a href=\"https:\/\/ensabm.usms.ac.ma\/newsite\/category\/actualites\/\" rel=\"category tag\"><span class=\"cat-shape\"><\/span><span class=\"cat-name\">Actualit\u00e9s<\/span><\/a><a href=\"https:\/\/ensabm.usms.ac.ma\/newsite\/category\/recrutement\/\" rel=\"category tag\"><span class=\"cat-shape\" style=\"background: #FFBB00\"><\/span><span class=\"cat-name\">Recrutement<\/span><\/a>\t\t\t<\/div>\n\t\t\t\n\t\t<h3 class=\"post-title post-title-2-rows\">\n\t<a href=\"https:\/\/ensabm.usms.ac.ma\/newsite\/liste-des-candidats-convoques-aux-epreuves-ecrites-du-concours-de-recrutement-dun-technicien-3eme-grade-session-11-09-2022\/\">LISTE DES CANDIDATS CONVOQU\u00c9S AUX \u00c9PREUVES \u00c9CRITES DU CONCOURS DE RECRUTEMENT D\u2019UN TECHNICIEN 3\u00e8me Grade (SESSION 11\/09\/2022)<\/a>\n<\/h3>\n\n\t\t<div class=\"post-meta\">\n\t<div class=\"inner\">\n\t\t\t\t\t<div class=\"post-meta-author\">\n\t\t\t\t<a href=\"https:\/\/ensabm.usms.ac.ma\/newsite\/author\/admin\/\">\n\t\t\t\t\t<span class=\"meta-value\">admin<\/span>\n\t\t\t\t<\/a>\n\t\t\t<\/div>\n\t\t\t\t\t\t\t\t<div class=\"post-date\">\n\t\t\t\t<span class=\"meta-value\">Sep 04, 2022<\/span>\n\t\t\t<\/div>\n\t\t\t\t<\/div>\n<\/div>\n\n\t\t\t<\/div>\n<\/div>\n\t\t<\/div>\n\t\t\t\t\t\t\t\t\t\t\t<div class=\"swiper-slide post-1862 post type-post status-publish format-standard has-post-thumbnail hentry category-recrutement\">\n\t\t\t\t\t\t<div class=\"post-wrapper unicamp-box\">\n\t\t\t<div class=\"post-feature post-thumbnail unicamp-image\">\n\t\t\t<a href=\"https:\/\/ensabm.usms.ac.ma\/newsite\/maitre-de-conferences-grade-a-informatique\/\">\n\t\t\t\t<img decoding=\"async\"  loading=\"lazy\" src=\"https:\/\/spcdn.shortpixel.ai\/spio\/ret_img,q_cdnize,to_auto,s_webp:avif\/ensabm.usms.ac.ma\/newsite\/wp-content\/uploads\/2021\/03\/Annual-Report-Cover-2-e1758655706213.png\" alt=\"Annual Report Cover (2)\" \/>\n\t\t\t\t<div class=\"tm-button-wrapper post-read-more\" >\t\t<div  class=\"tm-button style-flat tm-button-xs tm-button-full-wide icon-right\">\t\t<div class=\"button-content-wrapper\">\n\n\t\t\t\n\t\t\t\t\t\t\t<span class=\"button-text\">Read more<\/span>\n\t\t\t\n\t\t\t\t\t\t\t<span class=\"button-icon\"><i class=\"fas fa-long-arrow-right\"><\/i><\/span>\n\t\t\t\t\t<\/div>\n\t\t<\/div>\t\t<\/div>\t\t\t<\/a>\n\t\t<\/div>\n\t\n\t<div class=\"post-caption\">\n\t\t\t\t\t<div class=\"post-categories\">\n\t\t\t\t<a href=\"https:\/\/ensabm.usms.ac.ma\/newsite\/category\/recrutement\/\" rel=\"category tag\"><span class=\"cat-shape\" style=\"background: #FFBB00\"><\/span><span class=\"cat-name\">Recrutement<\/span><\/a>\t\t\t<\/div>\n\t\t\t\n\t\t<h3 class=\"post-title post-title-2-rows\">\n\t<a href=\"https:\/\/ensabm.usms.ac.ma\/newsite\/maitre-de-conferences-grade-a-informatique\/\">Ma\u00eetre de conf\u00e9rences grade A &#8211; INFORMATIQUE<\/a>\n<\/h3>\n\n\t\t<div class=\"post-meta\">\n\t<div class=\"inner\">\n\t\t\t\t\t<div class=\"post-meta-author\">\n\t\t\t\t<a href=\"https:\/\/ensabm.usms.ac.ma\/newsite\/author\/elmaro\/\">\n\t\t\t\t\t<span class=\"meta-value\">elmaro<\/span>\n\t\t\t\t<\/a>\n\t\t\t<\/div>\n\t\t\t\t\t\t\t\t<div class=\"post-date\">\n\t\t\t\t<span class=\"meta-value\">Mar 17, 2021<\/span>\n\t\t\t<\/div>\n\t\t\t\t<\/div>\n<\/div>\n\n\t\t\t<\/div>\n<\/div>\n\t\t<\/div>\n\t\t\t\t\t\t\t\t\t\t\t<div class=\"swiper-slide post-1745 post type-post status-publish format-standard has-post-thumbnail hentry category-recrutement tag-campus tag-career tag-health tag-life tag-pandemic\">\n\t\t\t\t\t\t<div class=\"post-wrapper unicamp-box\">\n\t\t\t<div class=\"post-feature post-thumbnail unicamp-image\">\n\t\t\t<a href=\"https:\/\/ensabm.usms.ac.ma\/newsite\/most-students-say-their-mental-health-suffered-in-pandemic\/\">\n\t\t\t\t<img decoding=\"async\"  loading=\"lazy\" src=\"https:\/\/spcdn.shortpixel.ai\/spio\/ret_img,q_cdnize,to_auto,s_webp:avif\/ensabm.usms.ac.ma\/newsite\/wp-content\/uploads\/2021\/03\/Annual-Report-Cover-2-e1758655706213.png\" alt=\"Annual Report Cover (2)\" \/>\n\t\t\t\t<div class=\"tm-button-wrapper post-read-more\" >\t\t<div  class=\"tm-button style-flat tm-button-xs tm-button-full-wide icon-right\">\t\t<div class=\"button-content-wrapper\">\n\n\t\t\t\n\t\t\t\t\t\t\t<span class=\"button-text\">Read more<\/span>\n\t\t\t\n\t\t\t\t\t\t\t<span class=\"button-icon\"><i class=\"fas fa-long-arrow-right\"><\/i><\/span>\n\t\t\t\t\t<\/div>\n\t\t<\/div>\t\t<\/div>\t\t\t<\/a>\n\t\t<\/div>\n\t\n\t<div class=\"post-caption\">\n\t\t\t\t\t<div class=\"post-categories\">\n\t\t\t\t<a href=\"https:\/\/ensabm.usms.ac.ma\/newsite\/category\/recrutement\/\" rel=\"category tag\"><span class=\"cat-shape\" style=\"background: #FFBB00\"><\/span><span class=\"cat-name\">Recrutement<\/span><\/a>\t\t\t<\/div>\n\t\t\t\n\t\t<h3 class=\"post-title post-title-2-rows\">\n\t<a href=\"https:\/\/ensabm.usms.ac.ma\/newsite\/most-students-say-their-mental-health-suffered-in-pandemic\/\">Administrateur troisi\u00e8me grade<\/a>\n<\/h3>\n\n\t\t<div class=\"post-meta\">\n\t<div class=\"inner\">\n\t\t\t\t\t<div class=\"post-meta-author\">\n\t\t\t\t<a href=\"https:\/\/ensabm.usms.ac.ma\/newsite\/author\/elmaro\/\">\n\t\t\t\t\t<span class=\"meta-value\">elmaro<\/span>\n\t\t\t\t<\/a>\n\t\t\t<\/div>\n\t\t\t\t\t\t\t\t<div class=\"post-date\">\n\t\t\t\t<span class=\"meta-value\">Jan 25, 2021<\/span>\n\t\t\t<\/div>\n\t\t\t\t<\/div>\n<\/div>\n\n\t\t\t<\/div>\n<\/div>\n\t\t<\/div>\n\t\t\t\t\t\t\t\t\t\t\t<div class=\"swiper-slide post-100 post type-post status-publish format-standard has-post-thumbnail hentry category-recrutement tag-campus tag-career tag-digital-learning tag-learning-business\">\n\t\t\t\t\t\t<div class=\"post-wrapper unicamp-box\">\n\t\t\t<div class=\"post-feature post-thumbnail unicamp-image\">\n\t\t\t<a href=\"https:\/\/ensabm.usms.ac.ma\/newsite\/most-students-pleased-with-their-digital-learning\/\">\n\t\t\t\t<img decoding=\"async\"  loading=\"lazy\" src=\"https:\/\/spcdn.shortpixel.ai\/spio\/ret_img,q_cdnize,to_auto,s_webp:avif\/ensabm.usms.ac.ma\/newsite\/wp-content\/uploads\/2021\/03\/Annual-Report-Cover-2-e1758655706213.png\" alt=\"Annual Report Cover (2)\" \/>\n\t\t\t\t<div class=\"tm-button-wrapper post-read-more\" >\t\t<div  class=\"tm-button style-flat tm-button-xs tm-button-full-wide icon-right\">\t\t<div class=\"button-content-wrapper\">\n\n\t\t\t\n\t\t\t\t\t\t\t<span class=\"button-text\">Read more<\/span>\n\t\t\t\n\t\t\t\t\t\t\t<span class=\"button-icon\"><i class=\"fas fa-long-arrow-right\"><\/i><\/span>\n\t\t\t\t\t<\/div>\n\t\t<\/div>\t\t<\/div>\t\t\t<\/a>\n\t\t<\/div>\n\t\n\t<div class=\"post-caption\">\n\t\t\t\t\t<div class=\"post-categories\">\n\t\t\t\t<a href=\"https:\/\/ensabm.usms.ac.ma\/newsite\/category\/recrutement\/\" rel=\"category tag\"><span class=\"cat-shape\" style=\"background: #FFBB00\"><\/span><span class=\"cat-name\">Recrutement<\/span><\/a>\t\t\t<\/div>\n\t\t\t\n\t\t<h3 class=\"post-title post-title-2-rows\">\n\t<a href=\"https:\/\/ensabm.usms.ac.ma\/newsite\/most-students-pleased-with-their-digital-learning\/\">Technicien de troisieme grade<\/a>\n<\/h3>\n\n\t\t<div class=\"post-meta\">\n\t<div class=\"inner\">\n\t\t\t\t\t<div class=\"post-meta-author\">\n\t\t\t\t<a href=\"https:\/\/ensabm.usms.ac.ma\/newsite\/author\/elmaro\/\">\n\t\t\t\t\t<span class=\"meta-value\">elmaro<\/span>\n\t\t\t\t<\/a>\n\t\t\t<\/div>\n\t\t\t\t\t\t\t\t<div class=\"post-date\">\n\t\t\t\t<span class=\"meta-value\">Jan 23, 2021<\/span>\n\t\t\t<\/div>\n\t\t\t\t<\/div>\n<\/div>\n\n\t\t\t<\/div>\n<\/div>\n\t\t<\/div>\n\t\t\t\t\t\n\t\t\t\n\t\t\t\n\t\t\t\t\t\t\t<\/div>\n\t\t\t\t<\/div>\n\n\t\t\t\t\n\t\t\t<\/div>\n\t\t<\/div>\n\t\t\t\t<\/div>\n\t\t\t\t<\/div>\n\t\t\t\t<div class=\"elementor-element elementor-element-5d886d6 elementor-widget elementor-widget-spacer\" data-id=\"5d886d6\" data-element_type=\"widget\" data-widget_type=\"spacer.default\">\n\t\t\t\t<div class=\"elementor-widget-container\">\n\t\t\t\t\t<div class=\"elementor-spacer\">\n\t\t\t<div class=\"elementor-spacer-inner\"><\/div>\n\t\t<\/div>\n\t\t\t\t<\/div>\n\t\t\t\t<\/div>\n\t\t\t\t<div class=\"elementor-element elementor-element-8ec3134 elementor-widget elementor-widget-spacer\" data-id=\"8ec3134\" data-element_type=\"widget\" data-widget_type=\"spacer.default\">\n\t\t\t\t<div class=\"elementor-widget-container\">\n\t\t\t\t\t<div class=\"elementor-spacer\">\n\t\t\t<div class=\"elementor-spacer-inner\"><\/div>\n\t\t<\/div>\n\t\t\t\t<\/div>\n\t\t\t\t<\/div>\n\t\t\t\t\t\t<\/div>\n\t\t\t\t\t<\/div>\n\t\t<\/div>\n\t\t\t\t\t\t\t\t<\/div>\n\t\t\t\t\t<\/div>\n\t\t<\/section>\n\t\t\t\t\t\t\t\t\t<\/div>\n\t\t\t<\/div>\n\t\t\t\t\t<\/div>\n\t\t","protected":false},"excerpt":{"rendered":"<p>Retrouvez ici les concours en cours et les actualit\u00e9s de recrutement pour les postes d&#8217;enseignants-chercheurs et de personnel \u00e0 l&#8217;ENSABM.\u00a0 Avis de concours de recrutement Read more Enseignant chercheurRecrutement Ma\u00eetre de conf\u00e9rences grade A &#8211; INFORMATIQUE elmaro Mar 17, 2021 Read more RecrutementTechnicien Most students say their mental health suffered in pandemic elmaro Jan 25, 2021 Read more AdministrateurRecrutement Most students pleased with their digital learning elmaro Jan 23, 2021<\/p>\n","protected":false},"author":1,"featured_media":0,"parent":0,"menu_order":0,"comment_status":"closed","ping_status":"closed","template":"","meta":{"footnotes":""},"class_list":["post-3743","page","type-page","status-publish","hentry"],"_links":{"self":[{"href":"https:\/\/ensabm.usms.ac.ma\/newsite\/wp-json\/wp\/v2\/pages\/3743","targetHints":{"allow":["GET"]}}],"collection":[{"href":"https:\/\/ensabm.usms.ac.ma\/newsite\/wp-json\/wp\/v2\/pages"}],"about":[{"href":"https:\/\/ensabm.usms.ac.ma\/newsite\/wp-json\/wp\/v2\/types\/page"}],"author":[{"embeddable":true,"href":"https:\/\/ensabm.usms.ac.ma\/newsite\/wp-json\/wp\/v2\/users\/1"}],"replies":[{"embeddable":true,"href":"https:\/\/ensabm.usms.ac.ma\/newsite\/wp-json\/wp\/v2\/comments?post=3743"}],"version-history":[{"count":40,"href":"https:\/\/ensabm.usms.ac.ma\/newsite\/wp-json\/wp\/v2\/pages\/3743\/revisions"}],"predecessor-version":[{"id":3994,"href":"https:\/\/ensabm.usms.ac.ma\/newsite\/wp-json\/wp\/v2\/pages\/3743\/revisions\/3994"}],"wp:attachment":[{"href":"https:\/\/ensabm.usms.ac.ma\/newsite\/wp-json\/wp\/v2\/media?parent=3743"}],"curies":[{"name":"wp","href":"https:\/\/api.w.org\/{rel}","templated":true}]}}