{"id":3716,"date":"2025-09-21T16:18:57","date_gmt":"2025-09-21T14:18:57","guid":{"rendered":"https:\/\/ensabm.usms.ac.ma\/newsite\/?page_id=3716"},"modified":"2025-09-23T20:59:50","modified_gmt":"2025-09-23T18:59:50","slug":"laboratoires","status":"publish","type":"page","link":"https:\/\/ensabm.usms.ac.ma\/newsite\/laboratoires\/","title":{"rendered":"Laboratoires"},"content":{"rendered":"\t\t<div data-elementor-type=\"wp-page\" data-elementor-id=\"3716\" class=\"elementor elementor-3716\">\n\t\t\t\t\t\t<div class=\"elementor-inner\">\n\t\t\t\t<div class=\"elementor-section-wrap\">\n\t\t\t\t\t\t\t\t\t<section class=\"elementor-section elementor-top-section elementor-element elementor-element-1c2c0d4 elementor-section-full_width elementor-section-column-vertical-align-middle elementor-section-height-default elementor-section-height-default\" data-id=\"1c2c0d4\" data-element_type=\"section\" data-settings=\"{&quot;background_background&quot;:&quot;classic&quot;}\">\n\t\t\t\t\t\t<div class=\"elementor-container elementor-column-gap-no\">\n\t\t\t\t\t\t\t<div class=\"elementor-row\">\n\t\t\t\t\t<div class=\"elementor-column elementor-col-100 elementor-top-column elementor-element elementor-element-75b2941\" data-id=\"75b2941\" data-element_type=\"column\">\n\t\t\t<div class=\"elementor-column-wrap elementor-element-populated\">\n\t\t\t\t\t\t\t<div class=\"elementor-widget-wrap\">\n\t\t\t\t\t\t<section class=\"elementor-section elementor-inner-section elementor-element elementor-element-32dec0b elementor-section-boxed elementor-section-gap-beside-yes elementor-section-height-default elementor-section-height-default elementor-section-column-vertical-align-stretch\" data-id=\"32dec0b\" data-element_type=\"section\">\n\t\t\t\t\t\t<div class=\"elementor-container elementor-column-gap-extended\">\n\t\t\t\t\t\t\t<div class=\"elementor-row\">\n\t\t\t\t\t<div class=\"elementor-column elementor-col-50 elementor-inner-column elementor-element elementor-element-4c335e1\" data-id=\"4c335e1\" data-element_type=\"column\">\n\t\t\t<div class=\"elementor-column-wrap elementor-element-populated\">\n\t\t\t\t\t\t\t<div class=\"elementor-widget-wrap\">\n\t\t\t\t\t\t<div class=\"elementor-element elementor-element-bcc8198 elementor-widget elementor-widget-spacer\" data-id=\"bcc8198\" data-element_type=\"widget\" data-widget_type=\"spacer.default\">\n\t\t\t\t<div class=\"elementor-widget-container\">\n\t\t\t\t\t<div class=\"elementor-spacer\">\n\t\t\t<div class=\"elementor-spacer-inner\"><\/div>\n\t\t<\/div>\n\t\t\t\t<\/div>\n\t\t\t\t<\/div>\n\t\t\t\t<div class=\"elementor-element elementor-element-dd17bf4 unicamp-icon-box-style-01 unicamp-graphic-position-top elementor-invisible elementor-widget elementor-widget-tm-icon-box\" data-id=\"dd17bf4\" data-element_type=\"widget\" data-settings=\"{&quot;_animation&quot;:&quot;unicampFadeInUp&quot;}\" data-widget_type=\"tm-icon-box.default\">\n\t\t\t\t<div class=\"elementor-widget-container\">\n\t\t\t\t\t<div class=\"tm-icon-box unicamp-box\">\n\t\t<div class=\"unicamp-graphic-box icon-box-wrapper\">\n\t\t\t\n\t\t\t<div class=\"unicamp-graphic-content icon-box-content\">\n\t\t\t\t\n\t\t\t\t\t\t<div class=\"description-wrap\">\n\t\t\t<div class=\"description\">\n\t\t\t\tL'ENSABM dispose de deux laboratoires de recherche, le <b>LARESA et le LRSTA<\/b>, qui constituent des espaces d\u00e9di\u00e9s \u00e0 l'innovation et \u00e0 la recherche appliqu\u00e9e. <P>Ces laboratoires offrent aux \u00e9tudiants et enseignants-chercheurs les moyens de d\u00e9velopper des projets scientifiques en collaboration avec le secteur industriel. <P>\n\n<p>Ils contribuent ainsi au rayonnement acad\u00e9mique de l'\u00e9cole et au d\u00e9veloppement technologique de la r\u00e9gion.\t\t\t<\/div>\n\t\t<\/div>\n\t\t\n\t\t\t\t\t\t\t<\/div>\n\t\t<\/div>\n\n\t\t<\/div>\t\t\t\t<\/div>\n\t\t\t\t<\/div>\n\t\t\t\t<div class=\"elementor-element elementor-element-be59d74 elementor-widget elementor-widget-spacer\" data-id=\"be59d74\" data-element_type=\"widget\" data-widget_type=\"spacer.default\">\n\t\t\t\t<div class=\"elementor-widget-container\">\n\t\t\t\t\t<div class=\"elementor-spacer\">\n\t\t\t<div class=\"elementor-spacer-inner\"><\/div>\n\t\t<\/div>\n\t\t\t\t<\/div>\n\t\t\t\t<\/div>\n\t\t\t\t\t\t<\/div>\n\t\t\t\t\t<\/div>\n\t\t<\/div>\n\t\t\t\t<div class=\"elementor-column elementor-col-50 elementor-inner-column elementor-element elementor-element-d2dfd48\" data-id=\"d2dfd48\" data-element_type=\"column\">\n\t\t\t<div class=\"elementor-column-wrap elementor-element-populated\">\n\t\t\t\t\t\t\t<div class=\"elementor-widget-wrap\">\n\t\t\t\t\t\t<div class=\"elementor-element elementor-element-a74c715 unicamp-animation-zoom-in unicamp-graphic-position-top elementor-invisible elementor-widget elementor-widget-tm-cover-image-box\" data-id=\"a74c715\" data-element_type=\"widget\" data-settings=\"{&quot;_animation&quot;:&quot;unicampFadeInUp&quot;}\" data-widget_type=\"tm-cover-image-box.default\">\n\t\t\t\t<div class=\"elementor-widget-container\">\n\t\t\t\t\t<a class=\"tm-cover-image-box unicamp-box style-03 link-secret\" href=\"https:\/\/ensabm.usms.ac.ma\/newsite\/about\/\">\t\t<div class=\"content-wrap\">\n\t\t\t\t\t\t\t<div class=\"unicamp-image image\">\n\t\t\t\t\t<img decoding=\"async\"  loading=\"lazy\" src=\"https:\/\/spcdn.shortpixel.ai\/spio\/ret_img,q_cdnize,to_auto,s_webp:avif\/ensabm.usms.ac.ma\/newsite\/wp-content\/uploads\/2025\/09\/Image12-min-scaled-690x310.png\" alt=\"Image12-min\" width=\"690\" height=\"310\" \/>\t\t\t\t<\/div>\n\t\t\t\t\t\t<div class=\"box-caption-wrap\">\n\t\t\t\t<div class=\"box-caption\">\n\t\t\t\t\t<h3 class=\"title\">Laboratoire LARESA\u00a0<\/h3>\n\t\t\t\t\t\n\t\t\t\t\t\t\t\t\t<\/div>\n\t\t\t<\/div>\n\t\t<\/div>\n\t\t<\/a>\t\t\t\t<\/div>\n\t\t\t\t<\/div>\n\t\t\t\t<div class=\"elementor-element elementor-element-3ea9bc9 unicamp-animation-zoom-in unicamp-graphic-position-top elementor-invisible elementor-widget elementor-widget-tm-cover-image-box\" data-id=\"3ea9bc9\" data-element_type=\"widget\" data-settings=\"{&quot;_animation&quot;:&quot;unicampFadeInUp&quot;}\" data-widget_type=\"tm-cover-image-box.default\">\n\t\t\t\t<div class=\"elementor-widget-container\">\n\t\t\t\t\t<a class=\"tm-cover-image-box unicamp-box style-03 link-secret\" href=\"https:\/\/ensabm.usms.ac.ma\/newsite\/campus-life\/\">\t\t<div class=\"content-wrap\">\n\t\t\t\t\t\t\t<div class=\"unicamp-image image\">\n\t\t\t\t\t<img decoding=\"async\"  loading=\"lazy\" src=\"https:\/\/spcdn.shortpixel.ai\/spio\/ret_img,q_cdnize,to_auto,s_webp:avif\/ensabm.usms.ac.ma\/newsite\/wp-content\/uploads\/2025\/09\/Image3-scaled-690x310.png\" alt=\"Image3\" width=\"690\" height=\"310\" \/>\t\t\t\t<\/div>\n\t\t\t\t\t\t<div class=\"box-caption-wrap\">\n\t\t\t\t<div class=\"box-caption\">\n\t\t\t\t\t<h3 class=\"title\">Laboratoire LRSTA<\/h3>\n\t\t\t\t\t\n\t\t\t\t\t\t\t\t\t<\/div>\n\t\t\t<\/div>\n\t\t<\/div>\n\t\t<\/a>\t\t\t\t<\/div>\n\t\t\t\t<\/div>\n\t\t\t\t\t\t<\/div>\n\t\t\t\t\t<\/div>\n\t\t<\/div>\n\t\t\t\t\t\t\t\t<\/div>\n\t\t\t\t\t<\/div>\n\t\t<\/section>\n\t\t\t\t\t\t<\/div>\n\t\t\t\t\t<\/div>\n\t\t<\/div>\n\t\t\t\t\t\t\t\t<\/div>\n\t\t\t\t\t<\/div>\n\t\t<\/section>\n\t\t\t\t\t\t\t\t\t<\/div>\n\t\t\t<\/div>\n\t\t\t\t\t<\/div>\n\t\t","protected":false},"excerpt":{"rendered":"<p>L&#8217;ENSABM dispose de deux laboratoires de recherche, le LARESA et le LRSTA, qui constituent des espaces d\u00e9di\u00e9s \u00e0 l&#8217;innovation et \u00e0 la recherche appliqu\u00e9e. Ces laboratoires offrent aux \u00e9tudiants et enseignants-chercheurs les moyens de d\u00e9velopper des projets scientifiques en collaboration avec le secteur industriel. Ils contribuent ainsi au rayonnement acad\u00e9mique de l&#8217;\u00e9cole et au d\u00e9veloppement technologique de la r\u00e9gion. Laboratoire LARESA\u00a0 Laboratoire LRSTA<\/p>\n","protected":false},"author":1,"featured_media":0,"parent":0,"menu_order":0,"comment_status":"closed","ping_status":"closed","template":"","meta":{"footnotes":""},"class_list":["post-3716","page","type-page","status-publish","hentry","post-no-thumbnail"],"_links":{"self":[{"href":"https:\/\/ensabm.usms.ac.ma\/newsite\/wp-json\/wp\/v2\/pages\/3716","targetHints":{"allow":["GET"]}}],"collection":[{"href":"https:\/\/ensabm.usms.ac.ma\/newsite\/wp-json\/wp\/v2\/pages"}],"about":[{"href":"https:\/\/ensabm.usms.ac.ma\/newsite\/wp-json\/wp\/v2\/types\/page"}],"author":[{"embeddable":true,"href":"https:\/\/ensabm.usms.ac.ma\/newsite\/wp-json\/wp\/v2\/users\/1"}],"replies":[{"embeddable":true,"href":"https:\/\/ensabm.usms.ac.ma\/newsite\/wp-json\/wp\/v2\/comments?post=3716"}],"version-history":[{"count":11,"href":"https:\/\/ensabm.usms.ac.ma\/newsite\/wp-json\/wp\/v2\/pages\/3716\/revisions"}],"predecessor-version":[{"id":3924,"href":"https:\/\/ensabm.usms.ac.ma\/newsite\/wp-json\/wp\/v2\/pages\/3716\/revisions\/3924"}],"wp:attachment":[{"href":"https:\/\/ensabm.usms.ac.ma\/newsite\/wp-json\/wp\/v2\/media?parent=3716"}],"curies":[{"name":"wp","href":"https:\/\/api.w.org\/{rel}","templated":true}]}}