{"id":3702,"date":"2025-09-21T16:06:15","date_gmt":"2025-09-21T14:06:15","guid":{"rendered":"https:\/\/ensabm.usms.ac.ma\/newsite\/?page_id=3702"},"modified":"2025-09-23T22:23:50","modified_gmt":"2025-09-23T20:23:50","slug":"presentation","status":"publish","type":"page","link":"https:\/\/ensabm.usms.ac.ma\/newsite\/presentation\/","title":{"rendered":"Pr\u00e9sentation"},"content":{"rendered":"\t\t<div data-elementor-type=\"wp-page\" data-elementor-id=\"3702\" class=\"elementor elementor-3702\">\n\t\t\t\t\t\t<div class=\"elementor-inner\">\n\t\t\t\t<div class=\"elementor-section-wrap\">\n\t\t\t\t\t\t\t\t\t<section class=\"elementor-section elementor-top-section elementor-element elementor-element-8d26572 elementor-section-boxed elementor-section-gap-beside-yes elementor-section-height-default elementor-section-height-default elementor-section-column-vertical-align-stretch\" data-id=\"8d26572\" data-element_type=\"section\">\n\t\t\t\t\t\t<div class=\"elementor-container elementor-column-gap-extended\">\n\t\t\t\t\t\t\t<div class=\"elementor-row\">\n\t\t\t\t\t<div class=\"elementor-column elementor-col-100 elementor-top-column elementor-element elementor-element-a2eb07d\" data-id=\"a2eb07d\" data-element_type=\"column\">\n\t\t\t<div class=\"elementor-column-wrap elementor-element-populated\">\n\t\t\t\t\t\t\t<div class=\"elementor-widget-wrap\">\n\t\t\t\t\t\t<section class=\"elementor-section elementor-inner-section elementor-element elementor-element-f03940b elementor-reverse-tablet elementor-reverse-mobile elementor-section-gap-beside-no elementor-section-content-middle elementor-section-boxed elementor-section-height-default elementor-section-height-default elementor-section-column-vertical-align-stretch\" data-id=\"f03940b\" data-element_type=\"section\">\n\t\t\t\t\t\t<div class=\"elementor-container elementor-column-gap-extended\">\n\t\t\t\t\t\t\t<div class=\"elementor-row\">\n\t\t\t\t\t<div class=\"elementor-column elementor-col-100 elementor-inner-column elementor-element elementor-element-eac4d00\" data-id=\"eac4d00\" data-element_type=\"column\">\n\t\t\t<div class=\"elementor-column-wrap elementor-element-populated\">\n\t\t\t\t\t\t\t<div class=\"elementor-widget-wrap\">\n\t\t\t\t\t\t<div class=\"elementor-element elementor-element-557c129 unicamp-icon-box-style-01 unicamp-graphic-position-top elementor-invisible elementor-widget elementor-widget-tm-icon-box\" data-id=\"557c129\" data-element_type=\"widget\" data-settings=\"{&quot;_animation&quot;:&quot;unicampFadeInUp&quot;,&quot;_animation_delay&quot;:300}\" data-widget_type=\"tm-icon-box.default\">\n\t\t\t\t<div class=\"elementor-widget-container\">\n\t\t\t\t\t<div class=\"tm-icon-box unicamp-box\">\n\t\t<div class=\"unicamp-graphic-box icon-box-wrapper\">\n\t\t\t\n\t\t\t<div class=\"unicamp-graphic-content icon-box-content\">\n\t\t\t\t\t\t<div class=\"heading-wrap\">\n\t\t\t<h3 class=\"heading\">\u00c0 l'ENSABM, <\/h3>\n\t\t\t\t\t<div class=\"heading-divider\"><\/div>\n\t\t\t\t<\/div>\n\t\t\n\t\t\t\t\t\t<div class=\"description-wrap\">\n\t\t\t<div class=\"description\">\n\t\t\t\tL'\u00c9cole Nationale des Sciences Appliqu\u00e9es de B\u00e9ni Mellal (ENSABM) a \u00e9t\u00e9 cr\u00e9\u00e9e dans le cadre du d\u00e9veloppement de l'enseignement sup\u00e9rieur technique au Maroc. Situ\u00e9e au c\u0153ur de la r\u00e9gion de B\u00e9ni Mellal-Kh\u00e9nifra, l'ENSABM s'inscrit dans la vision strat\u00e9gique du Royaume visant \u00e0 former une nouvelle g\u00e9n\u00e9ration d'ing\u00e9nieurs d'\u00c9tat hautement qualifi\u00e9s.\n<\/p><p>\nL'ENSABM a pour vocation de former des ing\u00e9nieurs d'\u00c9tat dans des domaines scientifiques et techniques innovants, tout en d\u00e9veloppant leurs comp\u00e9tences en management, en communication et en leadership. L'\u00e9tablissement participe activement au programme national ambitieux de formation d'ing\u00e9nieurs comp\u00e9tents et adapt\u00e9s aux besoins du march\u00e9 du travail national et international.\n<\/p><p>\nPlusieurs cycles d'ing\u00e9nieurs sont propos\u00e9s dans des sp\u00e9cialit\u00e9s strat\u00e9giques r\u00e9pondant aux d\u00e9fis technologiques contemporains et aux secteurs \u00e9conomiques en pleine expansion dans la r\u00e9gion et au niveau national.\n<\/p><p>\nLa formation \u00e0 l'ENSABM se distingue par son approche p\u00e9dagogique moderne qui privil\u00e9gie l'aspect pratique \u00e0 travers des activit\u00e9s techniques approfondies, des stages en entreprise, et des projets de fin d'\u00e9tudes r\u00e9alis\u00e9s en \u00e9troite collaboration avec le tissu socio-\u00e9conomique r\u00e9gional, national et international. Cette approche garantit une insertion professionnelle r\u00e9ussie de nos dipl\u00f4m\u00e9s et contribue au d\u00e9veloppement durable de la r\u00e9gion de B\u00e9ni Mellal-Kh\u00e9nifra.\t\t\t<\/div>\n\t\t<\/div>\n\t\t\n\t\t\t\t\t\t\t<\/div>\n\t\t<\/div>\n\n\t\t<\/div>\t\t\t\t<\/div>\n\t\t\t\t<\/div>\n\t\t\t\t\t\t<\/div>\n\t\t\t\t\t<\/div>\n\t\t<\/div>\n\t\t\t\t\t\t\t\t<\/div>\n\t\t\t\t\t<\/div>\n\t\t<\/section>\n\t\t\t\t\t\t<\/div>\n\t\t\t\t\t<\/div>\n\t\t<\/div>\n\t\t\t\t\t\t\t\t<\/div>\n\t\t\t\t\t<\/div>\n\t\t<\/section>\n\t\t\t\t<section class=\"elementor-section elementor-top-section elementor-element elementor-element-ab8f876 elementor-section-boxed elementor-section-gap-beside-yes elementor-section-height-default elementor-section-height-default elementor-section-column-vertical-align-stretch\" data-id=\"ab8f876\" data-element_type=\"section\">\n\t\t\t\t\t\t<div class=\"elementor-container elementor-column-gap-extended\">\n\t\t\t\t\t\t\t<div class=\"elementor-row\">\n\t\t\t\t\t<div class=\"elementor-column elementor-col-100 elementor-top-column elementor-element elementor-element-2e27d3e\" data-id=\"2e27d3e\" data-element_type=\"column\">\n\t\t\t<div class=\"elementor-column-wrap elementor-element-populated\">\n\t\t\t\t\t\t\t<div class=\"elementor-widget-wrap\">\n\t\t\t\t\t\t<section class=\"elementor-section elementor-inner-section elementor-element elementor-element-dd3175a elementor-section-gap-beside-no elementor-section-boxed elementor-section-height-default elementor-section-height-default elementor-section-column-vertical-align-stretch\" data-id=\"dd3175a\" data-element_type=\"section\">\n\t\t\t\t\t\t<div class=\"elementor-container elementor-column-gap-extended\">\n\t\t\t\t\t\t\t<div class=\"elementor-row\">\n\t\t\t\t\t<div class=\"elementor-column elementor-col-100 elementor-inner-column elementor-element elementor-element-903fad0\" data-id=\"903fad0\" data-element_type=\"column\">\n\t\t\t<div class=\"elementor-column-wrap elementor-element-populated\">\n\t\t\t\t\t\t\t<div class=\"elementor-widget-wrap\">\n\t\t\t\t\t\t<div class=\"elementor-element elementor-element-b6ee1df elementor-invisible elementor-widget elementor-widget-tm-heading\" data-id=\"b6ee1df\" data-element_type=\"widget\" data-settings=\"{&quot;_animation&quot;:&quot;unicampFadeInUp&quot;}\" data-widget_type=\"tm-heading.default\">\n\t\t\t\t<div class=\"elementor-widget-container\">\n\t\t\t\t\t<div class=\"tm-modern-heading\">\n\t\t\t\n\t\t\t\t\t<div class=\"heading-primary-wrap\">\n\t\t\t<h2 class=\"heading-primary elementor-heading-title\">Nos Formations<\/h2>\t\t<\/div>\n\t\t\n\t\t\t\t    <div class=\"heading-divider\"><\/div>\n\t    \n\t\t\t\t\t<\/div>\n\t\t\t\t<\/div>\n\t\t\t\t<\/div>\n\t\t\t\t\t\t<\/div>\n\t\t\t\t\t<\/div>\n\t\t<\/div>\n\t\t\t\t\t\t\t\t<\/div>\n\t\t\t\t\t<\/div>\n\t\t<\/section>\n\t\t\t\t<section class=\"elementor-section elementor-inner-section elementor-element elementor-element-e011865 elementor-section-gap-beside-no elementor-section-boxed elementor-section-height-default elementor-section-height-default elementor-section-column-vertical-align-stretch\" data-id=\"e011865\" data-element_type=\"section\">\n\t\t\t\t\t\t<div class=\"elementor-container elementor-column-gap-extended\">\n\t\t\t\t\t\t\t<div class=\"elementor-row\">\n\t\t\t\t\t<div class=\"elementor-column elementor-col-25 elementor-inner-column elementor-element elementor-element-d8f6f77\" data-id=\"d8f6f77\" data-element_type=\"column\">\n\t\t\t<div class=\"elementor-column-wrap elementor-element-populated\">\n\t\t\t\t\t\t\t<div class=\"elementor-widget-wrap\">\n\t\t\t\t\t\t<div class=\"elementor-element elementor-element-12d9485 unicamp-animation-zoom-in unicamp-graphic-position-top elementor-invisible elementor-widget elementor-widget-tm-cover-image-box\" data-id=\"12d9485\" data-element_type=\"widget\" data-settings=\"{&quot;_animation&quot;:&quot;unicampFadeInUp&quot;}\" data-widget_type=\"tm-cover-image-box.default\">\n\t\t\t\t<div class=\"elementor-widget-container\">\n\t\t\t\t\t<a class=\"tm-cover-image-box unicamp-box style-02 link-secret\" href=\"#\">\t\t<div class=\"content-wrap\">\n\t\t\t\t\t\t\t<div class=\"unicamp-image image\">\n\t\t\t\t\t<img decoding=\"async\"  loading=\"lazy\" src=\"https:\/\/spcdn.shortpixel.ai\/spio\/ret_img,q_cdnize,to_auto,s_webp:avif\/ensabm.usms.ac.ma\/newsite\/wp-content\/uploads\/2025\/09\/4.png\" alt=\"4\" \/>\t\t\t\t<\/div>\n\t\t\t\t\t\t<div class=\"box-caption-wrap\">\n\t\t\t\t<div class=\"box-caption\">\n\t\t\t\t\t<h3 class=\"title\">G2ER<\/h3>\n\t\t\t\t\t\n\t\t\t\t\t\t\t<div class=\"tm-button-wrapper\">\n\t\t\t<div class=\"tm-button style-text tm-button-nm icon-right\">\t\t\t<div class=\"button-content-wrapper\">\n\t\t\t\t\n\t\t\t\t\t\t\t\t\t<span class=\"button-text\">Savoir plus<\/span>\n\t\t\t\t\n\t\t\t\t\t\t\t\t\t<span class=\"button-icon\">\n\t\t\t\t\t\t\t<i class=\"fas fa-long-arrow-right\"><\/i>\t\t\t\t\t\t<\/span>\n\t\t\t\t\t\t\t<\/div>\n\t\t\t<\/div>\t\t<\/div>\n\t\t\t\t\t\t<\/div>\n\t\t\t<\/div>\n\t\t<\/div>\n\t\t<\/a>\t\t\t\t<\/div>\n\t\t\t\t<\/div>\n\t\t\t\t\t\t<\/div>\n\t\t\t\t\t<\/div>\n\t\t<\/div>\n\t\t\t\t<div class=\"elementor-column elementor-col-25 elementor-inner-column elementor-element elementor-element-c467501\" data-id=\"c467501\" data-element_type=\"column\">\n\t\t\t<div class=\"elementor-column-wrap elementor-element-populated\">\n\t\t\t\t\t\t\t<div class=\"elementor-widget-wrap\">\n\t\t\t\t\t\t<div class=\"elementor-element elementor-element-134c3f8 unicamp-animation-zoom-in unicamp-graphic-position-top elementor-invisible elementor-widget elementor-widget-tm-cover-image-box\" data-id=\"134c3f8\" data-element_type=\"widget\" data-settings=\"{&quot;_animation&quot;:&quot;unicampFadeInUp&quot;}\" data-widget_type=\"tm-cover-image-box.default\">\n\t\t\t\t<div class=\"elementor-widget-container\">\n\t\t\t\t\t<a class=\"tm-cover-image-box unicamp-box style-02 link-secret\" href=\"#\">\t\t<div class=\"content-wrap\">\n\t\t\t\t\t\t\t<div class=\"unicamp-image image\">\n\t\t\t\t\t<img decoding=\"async\"  loading=\"lazy\" src=\"https:\/\/spcdn.shortpixel.ai\/spio\/ret_img,q_cdnize,to_auto,s_webp:avif\/ensabm.usms.ac.ma\/newsite\/wp-content\/uploads\/2025\/09\/1.png\" alt=\"1\" \/>\t\t\t\t<\/div>\n\t\t\t\t\t\t<div class=\"box-caption-wrap\">\n\t\t\t\t<div class=\"box-caption\">\n\t\t\t\t\t<h3 class=\"title\">IAA<\/h3>\n\t\t\t\t\t\n\t\t\t\t\t\t\t<div class=\"tm-button-wrapper\">\n\t\t\t<div class=\"tm-button style-text tm-button-nm icon-right\">\t\t\t<div class=\"button-content-wrapper\">\n\t\t\t\t\n\t\t\t\t\t\t\t\t\t<span class=\"button-text\">Savoir plus<\/span>\n\t\t\t\t\n\t\t\t\t\t\t\t\t\t<span class=\"button-icon\">\n\t\t\t\t\t\t\t<i class=\"fas fa-long-arrow-right\"><\/i>\t\t\t\t\t\t<\/span>\n\t\t\t\t\t\t\t<\/div>\n\t\t\t<\/div>\t\t<\/div>\n\t\t\t\t\t\t<\/div>\n\t\t\t<\/div>\n\t\t<\/div>\n\t\t<\/a>\t\t\t\t<\/div>\n\t\t\t\t<\/div>\n\t\t\t\t\t\t<\/div>\n\t\t\t\t\t<\/div>\n\t\t<\/div>\n\t\t\t\t<div class=\"elementor-column elementor-col-25 elementor-inner-column elementor-element elementor-element-ae3c84f\" data-id=\"ae3c84f\" data-element_type=\"column\">\n\t\t\t<div class=\"elementor-column-wrap elementor-element-populated\">\n\t\t\t\t\t\t\t<div class=\"elementor-widget-wrap\">\n\t\t\t\t\t\t<div class=\"elementor-element elementor-element-6d1183a unicamp-animation-zoom-in unicamp-graphic-position-top elementor-invisible elementor-widget elementor-widget-tm-cover-image-box\" data-id=\"6d1183a\" data-element_type=\"widget\" data-settings=\"{&quot;_animation&quot;:&quot;unicampFadeInUp&quot;}\" data-widget_type=\"tm-cover-image-box.default\">\n\t\t\t\t<div class=\"elementor-widget-container\">\n\t\t\t\t\t<a class=\"tm-cover-image-box unicamp-box style-02 link-secret\" href=\"#\">\t\t<div class=\"content-wrap\">\n\t\t\t\t\t\t\t<div class=\"unicamp-image image\">\n\t\t\t\t\t<img decoding=\"async\"  loading=\"lazy\" src=\"https:\/\/spcdn.shortpixel.ai\/spio\/ret_img,q_cdnize,to_auto,s_webp:avif\/ensabm.usms.ac.ma\/newsite\/wp-content\/uploads\/2025\/09\/2.png\" alt=\"2\" \/>\t\t\t\t<\/div>\n\t\t\t\t\t\t<div class=\"box-caption-wrap\">\n\t\t\t\t<div class=\"box-caption\">\n\t\t\t\t\t<h3 class=\"title\">IACS<\/h3>\n\t\t\t\t\t\n\t\t\t\t\t\t\t<div class=\"tm-button-wrapper\">\n\t\t\t<div class=\"tm-button style-text tm-button-nm icon-right\">\t\t\t<div class=\"button-content-wrapper\">\n\t\t\t\t\n\t\t\t\t\t\t\t\t\t<span class=\"button-text\">Savoir plus<\/span>\n\t\t\t\t\n\t\t\t\t\t\t\t\t\t<span class=\"button-icon\">\n\t\t\t\t\t\t\t<i class=\"fas fa-long-arrow-right\"><\/i>\t\t\t\t\t\t<\/span>\n\t\t\t\t\t\t\t<\/div>\n\t\t\t<\/div>\t\t<\/div>\n\t\t\t\t\t\t<\/div>\n\t\t\t<\/div>\n\t\t<\/div>\n\t\t<\/a>\t\t\t\t<\/div>\n\t\t\t\t<\/div>\n\t\t\t\t\t\t<\/div>\n\t\t\t\t\t<\/div>\n\t\t<\/div>\n\t\t\t\t<div class=\"elementor-column elementor-col-25 elementor-inner-column elementor-element elementor-element-2a8bc7d\" data-id=\"2a8bc7d\" data-element_type=\"column\">\n\t\t\t<div class=\"elementor-column-wrap elementor-element-populated\">\n\t\t\t\t\t\t\t<div class=\"elementor-widget-wrap\">\n\t\t\t\t\t\t<div class=\"elementor-element elementor-element-c024f50 unicamp-animation-zoom-in unicamp-graphic-position-top elementor-invisible elementor-widget elementor-widget-tm-cover-image-box\" data-id=\"c024f50\" data-element_type=\"widget\" data-settings=\"{&quot;_animation&quot;:&quot;unicampFadeInUp&quot;}\" data-widget_type=\"tm-cover-image-box.default\">\n\t\t\t\t<div class=\"elementor-widget-container\">\n\t\t\t\t\t<a class=\"tm-cover-image-box unicamp-box style-02 link-secret\" href=\"#\">\t\t<div class=\"content-wrap\">\n\t\t\t\t\t\t\t<div class=\"unicamp-image image\">\n\t\t\t\t\t<img decoding=\"async\"  loading=\"lazy\" src=\"https:\/\/spcdn.shortpixel.ai\/spio\/ret_img,q_cdnize,to_auto,s_webp:avif\/ensabm.usms.ac.ma\/newsite\/wp-content\/uploads\/2025\/09\/3.png\" alt=\"3\" \/>\t\t\t\t<\/div>\n\t\t\t\t\t\t<div class=\"box-caption-wrap\">\n\t\t\t\t<div class=\"box-caption\">\n\t\t\t\t\t<h3 class=\"title\">TDI<\/h3>\n\t\t\t\t\t\n\t\t\t\t\t\t\t<div class=\"tm-button-wrapper\">\n\t\t\t<div class=\"tm-button style-text tm-button-nm icon-right\">\t\t\t<div class=\"button-content-wrapper\">\n\t\t\t\t\n\t\t\t\t\t\t\t\t\t<span class=\"button-text\">Savoir plus<\/span>\n\t\t\t\t\n\t\t\t\t\t\t\t\t\t<span class=\"button-icon\">\n\t\t\t\t\t\t\t<i class=\"fas fa-long-arrow-right\"><\/i>\t\t\t\t\t\t<\/span>\n\t\t\t\t\t\t\t<\/div>\n\t\t\t<\/div>\t\t<\/div>\n\t\t\t\t\t\t<\/div>\n\t\t\t<\/div>\n\t\t<\/div>\n\t\t<\/a>\t\t\t\t<\/div>\n\t\t\t\t<\/div>\n\t\t\t\t\t\t<\/div>\n\t\t\t\t\t<\/div>\n\t\t<\/div>\n\t\t\t\t\t\t\t\t<\/div>\n\t\t\t\t\t<\/div>\n\t\t<\/section>\n\t\t\t\t\t\t<\/div>\n\t\t\t\t\t<\/div>\n\t\t<\/div>\n\t\t\t\t\t\t\t\t<\/div>\n\t\t\t\t\t<\/div>\n\t\t<\/section>\n\t\t\t\t\t\t\t\t\t<\/div>\n\t\t\t<\/div>\n\t\t\t\t\t<\/div>\n\t\t","protected":false},"excerpt":{"rendered":"<p>\u00c0 l&#8217;ENSABM, L&#8217;\u00c9cole Nationale des Sciences Appliqu\u00e9es de B\u00e9ni Mellal (ENSABM) a \u00e9t\u00e9 cr\u00e9\u00e9e dans le cadre du d\u00e9veloppement de l&#8217;enseignement sup\u00e9rieur technique au Maroc. Situ\u00e9e au c\u0153ur de la r\u00e9gion de B\u00e9ni Mellal-Kh\u00e9nifra, l&#8217;ENSABM s&#8217;inscrit dans la vision strat\u00e9gique du Royaume visant \u00e0 former une nouvelle g\u00e9n\u00e9ration d&#8217;ing\u00e9nieurs d&#8217;\u00c9tat hautement qualifi\u00e9s. L&#8217;ENSABM a pour vocation de former des ing\u00e9nieurs d&#8217;\u00c9tat dans des domaines scientifiques et techniques innovants, tout en d\u00e9veloppant leurs comp\u00e9tences en management, en communication et en leadership. L&#8217;\u00e9tablissement participe activement au programme national ambitieux de formation d&#8217;ing\u00e9nieurs comp\u00e9tents et adapt\u00e9s aux besoins du march\u00e9 du travail national et international. Plusieurs cycles d&#8217;ing\u00e9nieurs sont propos\u00e9s dans des sp\u00e9cialit\u00e9s strat\u00e9giques r\u00e9pondant aux d\u00e9fis technologiques contemporains et aux secteurs \u00e9conomiques en pleine expansion dans la r\u00e9gion et au niveau national. La formation \u00e0 l&#8217;ENSABM se distingue par son approche p\u00e9dagogique moderne qui privil\u00e9gie l&#8217;aspect pratique \u00e0 travers des activit\u00e9s techniques approfondies, des stages en entreprise, et des projets de fin d&#8217;\u00e9tudes r\u00e9alis\u00e9s en \u00e9troite collaboration avec le tissu socio-\u00e9conomique r\u00e9gional, national et international. Cette approche garantit une insertion professionnelle r\u00e9ussie de nos dipl\u00f4m\u00e9s et contribue au d\u00e9veloppement durable de la r\u00e9gion de B\u00e9ni Mellal-Kh\u00e9nifra. Nos Formations G2ER Savoir plus IAA Savoir plus IACS Savoir plus TDI Savoir plus<\/p>\n","protected":false},"author":1,"featured_media":0,"parent":0,"menu_order":0,"comment_status":"closed","ping_status":"closed","template":"","meta":{"footnotes":""},"class_list":["post-3702","page","type-page","status-publish","hentry","post-no-thumbnail"],"_links":{"self":[{"href":"https:\/\/ensabm.usms.ac.ma\/newsite\/wp-json\/wp\/v2\/pages\/3702","targetHints":{"allow":["GET"]}}],"collection":[{"href":"https:\/\/ensabm.usms.ac.ma\/newsite\/wp-json\/wp\/v2\/pages"}],"about":[{"href":"https:\/\/ensabm.usms.ac.ma\/newsite\/wp-json\/wp\/v2\/types\/page"}],"author":[{"embeddable":true,"href":"https:\/\/ensabm.usms.ac.ma\/newsite\/wp-json\/wp\/v2\/users\/1"}],"replies":[{"embeddable":true,"href":"https:\/\/ensabm.usms.ac.ma\/newsite\/wp-json\/wp\/v2\/comments?post=3702"}],"version-history":[{"count":31,"href":"https:\/\/ensabm.usms.ac.ma\/newsite\/wp-json\/wp\/v2\/pages\/3702\/revisions"}],"predecessor-version":[{"id":4056,"href":"https:\/\/ensabm.usms.ac.ma\/newsite\/wp-json\/wp\/v2\/pages\/3702\/revisions\/4056"}],"wp:attachment":[{"href":"https:\/\/ensabm.usms.ac.ma\/newsite\/wp-json\/wp\/v2\/media?parent=3702"}],"curies":[{"name":"wp","href":"https:\/\/api.w.org\/{rel}","templated":true}]}}