{"id":1775,"date":"2021-03-16T09:35:24","date_gmt":"2021-03-16T09:35:24","guid":{"rendered":""},"modified":"2025-09-21T15:57:09","modified_gmt":"2025-09-21T13:57:09","slug":"about","status":"publish","type":"page","link":"https:\/\/ensabm.usms.ac.ma\/newsite\/about\/","title":{"rendered":"About"},"content":{"rendered":"\t\t<div data-elementor-type=\"wp-page\" data-elementor-id=\"1775\" class=\"elementor elementor-1775\">\n\t\t\t\t\t\t<div class=\"elementor-inner\">\n\t\t\t\t<div class=\"elementor-section-wrap\">\n\t\t\t\t\t\t\t\t\t<section class=\"elementor-section elementor-top-section elementor-element elementor-element-8dbd39b elementor-section-boxed elementor-section-gap-beside-yes elementor-section-height-default elementor-section-height-default elementor-section-column-vertical-align-stretch\" data-id=\"8dbd39b\" data-element_type=\"section\">\n\t\t\t\t\t\t<div class=\"elementor-container elementor-column-gap-extended\">\n\t\t\t\t\t\t\t<div class=\"elementor-row\">\n\t\t\t\t\t<div class=\"elementor-column elementor-col-100 elementor-top-column elementor-element elementor-element-174c9b7\" data-id=\"174c9b7\" data-element_type=\"column\">\n\t\t\t<div class=\"elementor-column-wrap elementor-element-populated\">\n\t\t\t\t\t\t\t<div class=\"elementor-widget-wrap\">\n\t\t\t\t\t\t<div class=\"elementor-element elementor-element-a82fbe8 elementor-invisible elementor-widget elementor-widget-tm-heading\" data-id=\"a82fbe8\" data-element_type=\"widget\" data-settings=\"{&quot;_animation&quot;:&quot;unicampFadeInUp&quot;}\" data-widget_type=\"tm-heading.default\">\n\t\t\t\t<div class=\"elementor-widget-container\">\n\t\t\t\t\t<div class=\"tm-modern-heading\">\n\t\t\t\n\t\t\t\t\t<div class=\"heading-primary-wrap\">\n\t\t\t<h2 class=\"heading-primary elementor-heading-title\">Bienvenue \u00e0 ENSABM!\n\n<\/h2>\t\t<\/div>\n\t\t\n\t\t\t\t    <div class=\"heading-divider\"><\/div>\n\t    \n\t\t\t\t\t<div class=\"heading-description-wrap\">\n\t\t\t<div class=\"heading-description\">\n\t\t\t\t<p>L'\u00c9cole Nationale des Sciences Appliqu\u00e9es de B\u00e9ni Mellal (ENSABM) a \u00e9t\u00e9 cr\u00e9\u00e9e dans le cadre du d\u00e9veloppement de l'enseignement sup\u00e9rieur technique au Maroc. Situ\u00e9e au c\u0153ur de la r\u00e9gion de B\u00e9ni Mellal-Kh\u00e9nifra, l'ENSABM s'inscrit dans la vision strat\u00e9gique du Royaume visant \u00e0 former une nouvelle g\u00e9n\u00e9ration d'ing\u00e9nieurs d'\u00c9tat hautement qualifi\u00e9s.<\/p><p>L'ENSABM a pour vocation de former des ing\u00e9nieurs d'\u00c9tat dans des domaines scientifiques et techniques innovants, tout en d\u00e9veloppant leurs comp\u00e9tences en management, en communication et en leadership. L'\u00e9tablissement participe activement au programme national ambitieux de formation d'ing\u00e9nieurs comp\u00e9tents et adapt\u00e9s aux besoins du march\u00e9 du travail national et international.<\/p><p>Plusieurs cycles d'ing\u00e9nieurs sont propos\u00e9s dans des sp\u00e9cialit\u00e9s strat\u00e9giques r\u00e9pondant aux d\u00e9fis technologiques contemporains et aux secteurs \u00e9conomiques en pleine expansion dans la r\u00e9gion et au niveau national.<\/p><p>La formation \u00e0 l'ENSABM se distingue par son approche p\u00e9dagogique moderne qui privil\u00e9gie l'aspect pratique \u00e0 travers des activit\u00e9s techniques approfondies, des stages en entreprise, et des projets de fin d'\u00e9tudes r\u00e9alis\u00e9s en \u00e9troite collaboration avec le tissu socio-\u00e9conomique r\u00e9gional, national et international. Cette approche garantit une insertion professionnelle r\u00e9ussie de nos dipl\u00f4m\u00e9s et contribue au d\u00e9veloppement durable de la r\u00e9gion de B\u00e9ni Mellal-Kh\u00e9nifra.<\/p>\t\t\t<\/div>\n\t\t<\/div>\n\t\t\t<\/div>\n\t\t\t\t<\/div>\n\t\t\t\t<\/div>\n\t\t\t\t<section class=\"elementor-section elementor-inner-section elementor-element elementor-element-cce0a86 elementor-section-gap-beside-no elementor-section-boxed elementor-section-height-default elementor-section-height-default elementor-section-column-vertical-align-stretch\" data-id=\"cce0a86\" data-element_type=\"section\">\n\t\t\t\t\t\t<div class=\"elementor-container elementor-column-gap-extended\">\n\t\t\t\t\t\t\t<div class=\"elementor-row\">\n\t\t\t\t\t<div class=\"elementor-column elementor-col-100 elementor-inner-column elementor-element elementor-element-4f561c0\" data-id=\"4f561c0\" data-element_type=\"column\">\n\t\t\t<div class=\"elementor-column-wrap elementor-element-populated\">\n\t\t\t\t\t\t\t<div class=\"elementor-widget-wrap\">\n\t\t\t\t\t\t<div class=\"elementor-element elementor-element-5e1f85b elementor-invisible elementor-widget elementor-widget-tm-heading\" data-id=\"5e1f85b\" data-element_type=\"widget\" data-settings=\"{&quot;_animation&quot;:&quot;unicampFadeInUp&quot;}\" data-widget_type=\"tm-heading.default\">\n\t\t\t\t<div class=\"elementor-widget-container\">\n\t\t\t\t\t<div class=\"tm-modern-heading\">\n\t\t\t\n\t\t\t\t\t<div class=\"heading-primary-wrap\">\n\t\t\t<h2 class=\"heading-primary elementor-heading-title\">Nos Formations<\/h2>\t\t<\/div>\n\t\t\n\t\t\t\t    <div class=\"heading-divider\"><\/div>\n\t    \n\t\t\t\t\t<\/div>\n\t\t\t\t<\/div>\n\t\t\t\t<\/div>\n\t\t\t\t\t\t<\/div>\n\t\t\t\t\t<\/div>\n\t\t<\/div>\n\t\t\t\t\t\t\t\t<\/div>\n\t\t\t\t\t<\/div>\n\t\t<\/section>\n\t\t\t\t<section class=\"elementor-section elementor-inner-section elementor-element elementor-element-da28633 elementor-section-gap-beside-no elementor-section-boxed elementor-section-height-default elementor-section-height-default elementor-section-column-vertical-align-stretch\" data-id=\"da28633\" data-element_type=\"section\">\n\t\t\t\t\t\t<div class=\"elementor-container elementor-column-gap-extended\">\n\t\t\t\t\t\t\t<div class=\"elementor-row\">\n\t\t\t\t\t<div class=\"elementor-column elementor-col-25 elementor-inner-column elementor-element elementor-element-3ed9015\" data-id=\"3ed9015\" data-element_type=\"column\">\n\t\t\t<div class=\"elementor-column-wrap elementor-element-populated\">\n\t\t\t\t\t\t\t<div class=\"elementor-widget-wrap\">\n\t\t\t\t\t\t<div class=\"elementor-element elementor-element-189db9f unicamp-animation-zoom-in unicamp-graphic-position-top elementor-invisible elementor-widget elementor-widget-tm-cover-image-box\" data-id=\"189db9f\" data-element_type=\"widget\" data-settings=\"{&quot;_animation&quot;:&quot;unicampFadeInUp&quot;}\" data-widget_type=\"tm-cover-image-box.default\">\n\t\t\t\t<div class=\"elementor-widget-container\">\n\t\t\t\t\t<a class=\"tm-cover-image-box unicamp-box style-02 link-secret\" href=\"#\">\t\t<div class=\"content-wrap\">\n\t\t\t\t\t\t\t<div class=\"unicamp-image image\">\n\t\t\t\t\t<img decoding=\"async\"  loading=\"lazy\" src=\"https:\/\/spcdn.shortpixel.ai\/spio\/ret_img,q_cdnize,to_auto,s_webp:avif\/ensabm.usms.ac.ma\/newsite\/wp-content\/uploads\/2025\/09\/4.png\" alt=\"4\" \/>\t\t\t\t<\/div>\n\t\t\t\t\t\t<div class=\"box-caption-wrap\">\n\t\t\t\t<div class=\"box-caption\">\n\t\t\t\t\t<h3 class=\"title\">G2ER<\/h3>\n\t\t\t\t\t\n\t\t\t\t\t\t\t<div class=\"tm-button-wrapper\">\n\t\t\t<div class=\"tm-button style-text tm-button-nm icon-right\">\t\t\t<div class=\"button-content-wrapper\">\n\t\t\t\t\n\t\t\t\t\t\t\t\t\t<span class=\"button-text\">Savoir plus<\/span>\n\t\t\t\t\n\t\t\t\t\t\t\t\t\t<span class=\"button-icon\">\n\t\t\t\t\t\t\t<i class=\"fas fa-long-arrow-right\"><\/i>\t\t\t\t\t\t<\/span>\n\t\t\t\t\t\t\t<\/div>\n\t\t\t<\/div>\t\t<\/div>\n\t\t\t\t\t\t<\/div>\n\t\t\t<\/div>\n\t\t<\/div>\n\t\t<\/a>\t\t\t\t<\/div>\n\t\t\t\t<\/div>\n\t\t\t\t\t\t<\/div>\n\t\t\t\t\t<\/div>\n\t\t<\/div>\n\t\t\t\t<div class=\"elementor-column elementor-col-25 elementor-inner-column elementor-element elementor-element-6a29f69\" data-id=\"6a29f69\" data-element_type=\"column\">\n\t\t\t<div class=\"elementor-column-wrap elementor-element-populated\">\n\t\t\t\t\t\t\t<div class=\"elementor-widget-wrap\">\n\t\t\t\t\t\t<div class=\"elementor-element elementor-element-657a342 unicamp-animation-zoom-in unicamp-graphic-position-top elementor-invisible elementor-widget elementor-widget-tm-cover-image-box\" data-id=\"657a342\" data-element_type=\"widget\" data-settings=\"{&quot;_animation&quot;:&quot;unicampFadeInUp&quot;}\" data-widget_type=\"tm-cover-image-box.default\">\n\t\t\t\t<div class=\"elementor-widget-container\">\n\t\t\t\t\t<a class=\"tm-cover-image-box unicamp-box style-02 link-secret\" href=\"#\">\t\t<div class=\"content-wrap\">\n\t\t\t\t\t\t\t<div class=\"unicamp-image image\">\n\t\t\t\t\t<img decoding=\"async\"  loading=\"lazy\" src=\"https:\/\/spcdn.shortpixel.ai\/spio\/ret_img,q_cdnize,to_auto,s_webp:avif\/ensabm.usms.ac.ma\/newsite\/wp-content\/uploads\/2025\/09\/1.png\" alt=\"1\" \/>\t\t\t\t<\/div>\n\t\t\t\t\t\t<div class=\"box-caption-wrap\">\n\t\t\t\t<div class=\"box-caption\">\n\t\t\t\t\t<h3 class=\"title\">IAA<\/h3>\n\t\t\t\t\t\n\t\t\t\t\t\t\t<div class=\"tm-button-wrapper\">\n\t\t\t<div class=\"tm-button style-text tm-button-nm icon-right\">\t\t\t<div class=\"button-content-wrapper\">\n\t\t\t\t\n\t\t\t\t\t\t\t\t\t<span class=\"button-text\">Savoir plus<\/span>\n\t\t\t\t\n\t\t\t\t\t\t\t\t\t<span class=\"button-icon\">\n\t\t\t\t\t\t\t<i class=\"fas fa-long-arrow-right\"><\/i>\t\t\t\t\t\t<\/span>\n\t\t\t\t\t\t\t<\/div>\n\t\t\t<\/div>\t\t<\/div>\n\t\t\t\t\t\t<\/div>\n\t\t\t<\/div>\n\t\t<\/div>\n\t\t<\/a>\t\t\t\t<\/div>\n\t\t\t\t<\/div>\n\t\t\t\t\t\t<\/div>\n\t\t\t\t\t<\/div>\n\t\t<\/div>\n\t\t\t\t<div class=\"elementor-column elementor-col-25 elementor-inner-column elementor-element elementor-element-bf1ddd6\" data-id=\"bf1ddd6\" data-element_type=\"column\">\n\t\t\t<div class=\"elementor-column-wrap elementor-element-populated\">\n\t\t\t\t\t\t\t<div class=\"elementor-widget-wrap\">\n\t\t\t\t\t\t<div class=\"elementor-element elementor-element-7175f15 unicamp-animation-zoom-in unicamp-graphic-position-top elementor-invisible elementor-widget elementor-widget-tm-cover-image-box\" data-id=\"7175f15\" data-element_type=\"widget\" data-settings=\"{&quot;_animation&quot;:&quot;unicampFadeInUp&quot;}\" data-widget_type=\"tm-cover-image-box.default\">\n\t\t\t\t<div class=\"elementor-widget-container\">\n\t\t\t\t\t<a class=\"tm-cover-image-box unicamp-box style-02 link-secret\" href=\"#\">\t\t<div class=\"content-wrap\">\n\t\t\t\t\t\t\t<div class=\"unicamp-image image\">\n\t\t\t\t\t<img decoding=\"async\"  loading=\"lazy\" src=\"https:\/\/spcdn.shortpixel.ai\/spio\/ret_img,q_cdnize,to_auto,s_webp:avif\/ensabm.usms.ac.ma\/newsite\/wp-content\/uploads\/2025\/09\/2.png\" alt=\"2\" \/>\t\t\t\t<\/div>\n\t\t\t\t\t\t<div class=\"box-caption-wrap\">\n\t\t\t\t<div class=\"box-caption\">\n\t\t\t\t\t<h3 class=\"title\">IACS<\/h3>\n\t\t\t\t\t\n\t\t\t\t\t\t\t<div class=\"tm-button-wrapper\">\n\t\t\t<div class=\"tm-button style-text tm-button-nm icon-right\">\t\t\t<div class=\"button-content-wrapper\">\n\t\t\t\t\n\t\t\t\t\t\t\t\t\t<span class=\"button-text\">Savoir plus<\/span>\n\t\t\t\t\n\t\t\t\t\t\t\t\t\t<span class=\"button-icon\">\n\t\t\t\t\t\t\t<i class=\"fas fa-long-arrow-right\"><\/i>\t\t\t\t\t\t<\/span>\n\t\t\t\t\t\t\t<\/div>\n\t\t\t<\/div>\t\t<\/div>\n\t\t\t\t\t\t<\/div>\n\t\t\t<\/div>\n\t\t<\/div>\n\t\t<\/a>\t\t\t\t<\/div>\n\t\t\t\t<\/div>\n\t\t\t\t\t\t<\/div>\n\t\t\t\t\t<\/div>\n\t\t<\/div>\n\t\t\t\t<div class=\"elementor-column elementor-col-25 elementor-inner-column elementor-element elementor-element-3d4c9fe\" data-id=\"3d4c9fe\" data-element_type=\"column\">\n\t\t\t<div class=\"elementor-column-wrap elementor-element-populated\">\n\t\t\t\t\t\t\t<div class=\"elementor-widget-wrap\">\n\t\t\t\t\t\t<div class=\"elementor-element elementor-element-6e02124 unicamp-animation-zoom-in unicamp-graphic-position-top elementor-invisible elementor-widget elementor-widget-tm-cover-image-box\" data-id=\"6e02124\" data-element_type=\"widget\" data-settings=\"{&quot;_animation&quot;:&quot;unicampFadeInUp&quot;}\" data-widget_type=\"tm-cover-image-box.default\">\n\t\t\t\t<div class=\"elementor-widget-container\">\n\t\t\t\t\t<a class=\"tm-cover-image-box unicamp-box style-02 link-secret\" href=\"#\">\t\t<div class=\"content-wrap\">\n\t\t\t\t\t\t\t<div class=\"unicamp-image image\">\n\t\t\t\t\t<img decoding=\"async\"  loading=\"lazy\" src=\"https:\/\/spcdn.shortpixel.ai\/spio\/ret_img,q_cdnize,to_auto,s_webp:avif\/ensabm.usms.ac.ma\/newsite\/wp-content\/uploads\/2025\/09\/3.png\" alt=\"3\" \/>\t\t\t\t<\/div>\n\t\t\t\t\t\t<div class=\"box-caption-wrap\">\n\t\t\t\t<div class=\"box-caption\">\n\t\t\t\t\t<h3 class=\"title\">TDI<\/h3>\n\t\t\t\t\t\n\t\t\t\t\t\t\t<div class=\"tm-button-wrapper\">\n\t\t\t<div class=\"tm-button style-text tm-button-nm icon-right\">\t\t\t<div class=\"button-content-wrapper\">\n\t\t\t\t\n\t\t\t\t\t\t\t\t\t<span class=\"button-text\">Savoir plus<\/span>\n\t\t\t\t\n\t\t\t\t\t\t\t\t\t<span class=\"button-icon\">\n\t\t\t\t\t\t\t<i class=\"fas fa-long-arrow-right\"><\/i>\t\t\t\t\t\t<\/span>\n\t\t\t\t\t\t\t<\/div>\n\t\t\t<\/div>\t\t<\/div>\n\t\t\t\t\t\t<\/div>\n\t\t\t<\/div>\n\t\t<\/div>\n\t\t<\/a>\t\t\t\t<\/div>\n\t\t\t\t<\/div>\n\t\t\t\t\t\t<\/div>\n\t\t\t\t\t<\/div>\n\t\t<\/div>\n\t\t\t\t\t\t\t\t<\/div>\n\t\t\t\t\t<\/div>\n\t\t<\/section>\n\t\t\t\t\t\t<\/div>\n\t\t\t\t\t<\/div>\n\t\t<\/div>\n\t\t\t\t\t\t\t\t<\/div>\n\t\t\t\t\t<\/div>\n\t\t<\/section>\n\t\t\t\t\t\t\t\t\t<\/div>\n\t\t\t<\/div>\n\t\t\t\t\t<\/div>\n\t\t","protected":false},"excerpt":{"rendered":"<p>Bienvenue \u00e0 ENSABM! L&#8217;\u00c9cole Nationale des Sciences Appliqu\u00e9es de B\u00e9ni Mellal (ENSABM) a \u00e9t\u00e9 cr\u00e9\u00e9e dans le cadre du d\u00e9veloppement de l&#8217;enseignement sup\u00e9rieur technique au Maroc. Situ\u00e9e au c\u0153ur de la r\u00e9gion de B\u00e9ni Mellal-Kh\u00e9nifra, l&#8217;ENSABM s&#8217;inscrit dans la vision strat\u00e9gique du Royaume visant \u00e0 former une nouvelle g\u00e9n\u00e9ration d&#8217;ing\u00e9nieurs d&#8217;\u00c9tat hautement qualifi\u00e9s. L&#8217;ENSABM a pour vocation de former des ing\u00e9nieurs d&#8217;\u00c9tat dans des domaines scientifiques et techniques innovants, tout en d\u00e9veloppant leurs comp\u00e9tences en management, en communication et en leadership. L&#8217;\u00e9tablissement participe activement au programme national ambitieux de formation d&#8217;ing\u00e9nieurs comp\u00e9tents et adapt\u00e9s aux besoins du march\u00e9 du travail national et international. Plusieurs cycles d&#8217;ing\u00e9nieurs sont propos\u00e9s dans des sp\u00e9cialit\u00e9s strat\u00e9giques r\u00e9pondant aux d\u00e9fis technologiques contemporains et aux secteurs \u00e9conomiques en pleine expansion dans la r\u00e9gion et au niveau national. La formation \u00e0 l&#8217;ENSABM se distingue par son approche p\u00e9dagogique moderne qui privil\u00e9gie l&#8217;aspect pratique \u00e0 travers des activit\u00e9s techniques approfondies, des stages en entreprise, et des projets de fin d&#8217;\u00e9tudes r\u00e9alis\u00e9s en \u00e9troite collaboration avec le tissu socio-\u00e9conomique r\u00e9gional, national et international. Cette approche garantit une insertion professionnelle r\u00e9ussie de nos dipl\u00f4m\u00e9s et contribue au d\u00e9veloppement durable de la r\u00e9gion de B\u00e9ni Mellal-Kh\u00e9nifra. Nos Formations G2ER Savoir plus IAA Savoir plus IACS Savoir plus TDI Savoir plus<\/p>\n","protected":false},"author":1,"featured_media":0,"parent":0,"menu_order":0,"comment_status":"closed","ping_status":"closed","template":"","meta":{"footnotes":""},"class_list":["post-1775","page","type-page","status-publish","hentry","post-no-thumbnail"],"_links":{"self":[{"href":"https:\/\/ensabm.usms.ac.ma\/newsite\/wp-json\/wp\/v2\/pages\/1775","targetHints":{"allow":["GET"]}}],"collection":[{"href":"https:\/\/ensabm.usms.ac.ma\/newsite\/wp-json\/wp\/v2\/pages"}],"about":[{"href":"https:\/\/ensabm.usms.ac.ma\/newsite\/wp-json\/wp\/v2\/types\/page"}],"author":[{"embeddable":true,"href":"https:\/\/ensabm.usms.ac.ma\/newsite\/wp-json\/wp\/v2\/users\/1"}],"replies":[{"embeddable":true,"href":"https:\/\/ensabm.usms.ac.ma\/newsite\/wp-json\/wp\/v2\/comments?post=1775"}],"version-history":[{"count":5,"href":"https:\/\/ensabm.usms.ac.ma\/newsite\/wp-json\/wp\/v2\/pages\/1775\/revisions"}],"predecessor-version":[{"id":3699,"href":"https:\/\/ensabm.usms.ac.ma\/newsite\/wp-json\/wp\/v2\/pages\/1775\/revisions\/3699"}],"wp:attachment":[{"href":"https:\/\/ensabm.usms.ac.ma\/newsite\/wp-json\/wp\/v2\/media?parent=1775"}],"curies":[{"name":"wp","href":"https:\/\/api.w.org\/{rel}","templated":true}]}}